{"id":8488,"date":"2023-02-07T14:39:02","date_gmt":"2023-02-07T14:39:02","guid":{"rendered":"https:\/\/www.visitanddo.com\/product\/excursion-a-cordoba-a-tu-aire-desde-malaga-y-desde-costa-del-sol\/"},"modified":"2026-03-04T15:08:40","modified_gmt":"2026-03-04T15:08:40","slug":"visite-cordoba-de-malaga","status":"publish","type":"product","link":"https:\/\/www.visitanddo.com\/fr\/produit\/visite-cordoba-de-malaga\/","title":{"rendered":"Excursion \u00e0 Cordoue \u00e0 votre rythme au d\u00e9part de Malaga et de la Costa del Sol."},"content":{"rendered":"<p>Nous viendrons vous chercher en bus avec notre guide \u00e0 l'heure et au lieu choisis pour commencer la visite. <strong>excursion \u00e0 Cordoue \u00e0 votre rythme au d\u00e9part de Malaga<\/strong>.<\/p>\n<p>Pendant la visite en bus, vous appr\u00e9cierez le voyage le long de Malaga et de la Costa del Sol, tandis que notre guide vous parlera des sujets suivants <strong>anecdotes et curiosit\u00e9s de la ville de Cordoue<\/strong>a \u00e9t\u00e9 d\u00e9sign\u00e9 \u00e0 quatre reprises comme site du patrimoine mondial de l'UNESCO.<\/p>\n<p>Une fois \u00e0 Cordoue <strong>vous disposerez de 5 heures pour visiter les sites les plus importants de Cordoue \u00e0 votre propre rythme.<\/strong>. Perdez vous dans les endroits les plus c\u00e9l\u00e8bres de la ville.<strong> le quartier juif<\/strong>le site <strong>Calleja de las Flores<\/strong>. Prenez une photo de vous dans la rue la plus \u00e9troite de la ville, <strong>L'all\u00e9e des mouchoirs<\/strong>visiter l'int\u00e9rieur de la <strong>Synagogue de Cordoue<\/strong>La seule synagogue conserv\u00e9e en Andalousie apr\u00e8s l'expulsion des Juifs en 1492.<\/p>\n<p>S'impr\u00e9gner du parfum de la fleur d'oranger devant le monument le plus c\u00e9l\u00e8bre de Cordoue, <strong>le Patio de los Naranjos dans la Mosqu\u00e9e-Cath\u00e9drale de Cordoue<\/strong>.<\/p>\n<p>Tout en profitant de l'occasion pour faire connaissance avec les <strong>Alcazar des monarques chr\u00e9tiens<\/strong>, <strong>la Plaza de la Corredera<\/strong>\u00e0 travers le <strong>Pont romain<\/strong>La ville est connue pour \u00eatre le d\u00e9cor de la c\u00e9l\u00e8bre s\u00e9rie Game of Thrones. Profitez des vues splendides depuis l'autre c\u00f4t\u00e9 du Guadalquivir, <strong>visite de la tour de Calahorra<\/strong> ou <strong>voir les patios andalous dans le quartier de San Basilio<\/strong> et go\u00fbter \u00e0 la gastronomie typique de Cordoue, comme les flamenquines ou le salmorejo andaluz.<\/p>\n<p>\u00c0 l'heure indiqu\u00e9e par notre guide, nous nous retrouverons pour le voyage de retour au m\u00eame endroit o\u00f9 nous vous avons r\u00e9cup\u00e9r\u00e9.<\/p>\n<h2><span style=\"color: #feaa61;\"><strong>Option : Visite guid\u00e9e de Cordoue et billets pour la Mosqu\u00e9e-Cath\u00e9drale<\/strong><\/span><\/h2>\n<p>Si vous pr\u00e9f\u00e9rez que votre visite soit compl\u00e8te, n'h\u00e9sitez pas \u00e0 r\u00e9server le <a href=\"https:\/\/visitanddo.com\/product\/excursion-cordoba-desde-malaga\/\" target=\"_blank\" rel=\"noopener\">Excursion \u00e0 Cordoue avec visite guid\u00e9e et billets d'entr\u00e9e \u00e0 la mosqu\u00e9e-cath\u00e9drale <\/a>ou, pendant les mois d'\u00e9t\u00e9, de r\u00e9aliser les <a href=\"https:\/\/visitanddo.com\/product\/visita-nocturna-mezquita-cordoba\/\" target=\"_blank\" rel=\"noopener\">Visite de nuit de la Mosqu\u00e9e-Cath\u00e9drale de Cordoue<\/a><\/p>","protected":false},"excerpt":{"rendered":"<p>Profitez d'une excursion d'une journ\u00e9e pour visiter Cordoue depuis Malaga, \u00e0 votre propre rythme. Fl\u00e2nez dans ses rues \u00e9troites, ses cours andalouses ou son quartier juif. 5 heures libres pour visiter la ville de Cordoue, o\u00f9 c'est vous qui d\u00e9cidez du rythme, r\u00e9servez votre place !<\/p>","protected":false},"featured_media":5678,"comment_status":"open","ping_status":"closed","template":"","meta":{"_acf_changed":false,"_eb_attr":""},"product_brand":[],"product_cat":[248],"product_tag":[215,203,176],"class_list":{"0":"post-8488","1":"product","2":"type-product","3":"status-publish","4":"has-post-thumbnail","6":"product_cat-excursion-sin-entradas","7":"product_tag-blackfriday","8":"product_tag-cordoba","9":"product_tag-costa-del-sol","11":"first","12":"instock","13":"virtual","14":"sold-individually","15":"purchasable","16":"product-type-turitop"},"acf":[],"_links":{"self":[{"href":"https:\/\/www.visitanddo.com\/fr\/wp-json\/wp\/v2\/product\/8488","targetHints":{"allow":["GET"]}}],"collection":[{"href":"https:\/\/www.visitanddo.com\/fr\/wp-json\/wp\/v2\/product"}],"about":[{"href":"https:\/\/www.visitanddo.com\/fr\/wp-json\/wp\/v2\/types\/product"}],"replies":[{"embeddable":true,"href":"https:\/\/www.visitanddo.com\/fr\/wp-json\/wp\/v2\/comments?post=8488"}],"version-history":[{"count":24,"href":"https:\/\/www.visitanddo.com\/fr\/wp-json\/wp\/v2\/product\/8488\/revisions"}],"predecessor-version":[{"id":43357,"href":"https:\/\/www.visitanddo.com\/fr\/wp-json\/wp\/v2\/product\/8488\/revisions\/43357"}],"wp:featuredmedia":[{"embeddable":true,"href":"https:\/\/www.visitanddo.com\/fr\/wp-json\/wp\/v2\/media\/5678"}],"wp:attachment":[{"href":"https:\/\/www.visitanddo.com\/fr\/wp-json\/wp\/v2\/media?parent=8488"}],"wp:term":[{"taxonomy":"product_brand","embeddable":true,"href":"https:\/\/www.visitanddo.com\/fr\/wp-json\/wp\/v2\/product_brand?post=8488"},{"taxonomy":"product_cat","embeddable":true,"href":"https:\/\/www.visitanddo.com\/fr\/wp-json\/wp\/v2\/product_cat?post=8488"},{"taxonomy":"product_tag","embeddable":true,"href":"https:\/\/www.visitanddo.com\/fr\/wp-json\/wp\/v2\/product_tag?post=8488"}],"curies":[{"name":"wp","href":"https:\/\/api.w.org\/{rel}","templated":true}]}}