{"id":6345,"date":"2022-09-14T11:25:24","date_gmt":"2022-09-14T11:25:24","guid":{"rendered":"https:\/\/www.visitanddo.com\/product\/visitar-granada-en-un-dia-desde-malaga-y-desde-costa-del-sol\/"},"modified":"2026-04-06T08:09:44","modified_gmt":"2026-04-06T08:09:44","slug":"excursion-granada","status":"publish","type":"product","link":"https:\/\/www.visitanddo.com\/fr\/produit\/excursion-granada\/","title":{"rendered":"Visiter Grenade en un jour depuis Malaga et la Costa del Sol"},"content":{"rendered":"<p>Nous viendrons vous chercher en bus avec notre guide \u00e0 l'heure et au lieu choisis pour commencer la visite. <strong>excursion \u00e0<\/strong> <b>Grenade en un jour depuis Malaga.<\/b><\/p>\n<p>Pendant le tour en bus, vous appr\u00e9cierez le voyage le long de Malaga et de la Costa del Sol pendant que notre guide vous racontera des anecdotes et des curiosit\u00e9s de la ville de Grenade. Il y aura \u00e9galement un arr\u00eat pour le petit-d\u00e9jeuner avant d'arriver \u00e0 notre destination. <strong>Admirez la vue sur la Sierra Nevada !<\/strong><\/p>\n<p>Si vous aimez explorer une ville \u00e0 votre propre rythme, pas de probl\u00e8me ! <strong>Nous vous d\u00e9poserons dans le centre de Grenade au Paseo del Sal\u00f3n et vous disposerez d'environ 5 heures de temps libre.<\/strong> pour fl\u00e2ner dans ses rues d'origine nasride.<\/p>\n<p>Visitez <strong>la cath\u00e9drale de Grenade<\/strong> Un joyau de la Renaissance qui symbolise la gloire des monarques catholiques en 1492 et o\u00f9 reposent les d\u00e9pouilles du roi Isabelle de Castille et du roi Ferdinand d'Aragon. Le site <strong>Plaza Nueva<\/strong>La rue la plus ancienne de Grenade et un carrefour du centre historique. Le site<strong> Torre de la Vela<\/strong>explorer le c\u00e9l\u00e8bre <strong>Rue Elvira<\/strong>plus connu sous le nom de <em><strong>la rue des salons de th\u00e9<\/strong><\/em>\u00e9galement id\u00e9al pour d\u00e9guster le c\u00e9l\u00e8bre <strong>tapas de Grenade<\/strong> dans les restaurants et les bars du centre-ville. Se promener dans <strong>Carrera del Darro<\/strong>la rue la plus photographi\u00e9e, et de tomber amoureux de la <strong>Paseo de los Tristes<\/strong>au pied de <strong>l'Alhambra et l'Albaic\u00edn<\/strong>.<\/p>\n<p>Vous pouvez \u00e9galement explorer deux des plus anciens quartiers de la ville de Grenade,<strong> le quartier du Sacromonte<\/strong>le berceau de la culture gitane, et <strong>le quartier de l'Albaic\u00edn<\/strong> d'o\u00f9 vous pourrez monter pour voir les meilleures vues de la ville depuis le Mirador de San Nicol\u00e1s et contempler l'Alhambra de Grenade avec la Sierra Nevada en toile de fond.<\/p>\n<p>\u00c0 l'heure indiqu\u00e9e par notre guide, nous nous retrouverons pour le voyage de retour au m\u00eame endroit o\u00f9 nous vous avons r\u00e9cup\u00e9r\u00e9.<\/p>\n<p>&nbsp;<\/p>\n<h2><span style=\"color: #feaa61;\"><strong>Option : Visite de l'Alhambra de Grenade<\/strong><\/span><\/h2>\n<p>Si vous pr\u00e9f\u00e9rez que votre visite soit compl\u00e8te, n'h\u00e9sitez pas \u00e0 r\u00e9server le <a href=\"https:\/\/visitanddo.com\/product\/granada-y-entradas-para-la-alhambra\/\" target=\"_blank\" rel=\"noopener\">Excursion \u00e0 Grenade avec billets pour l'Alhambra de Grenade au d\u00e9part de Malaga.<\/a><\/p>\n<p>&nbsp;<\/p>","protected":false},"excerpt":{"rendered":"<p>Dans ce <strong>Excursion \u00e0 Grenade<\/strong> est parfait si vous aimez visiter les villes \u00e0 votre propre rythme, m\u00eame si vous avez d\u00e9j\u00e0 achet\u00e9 des billets pour des monuments, comme l'Alhambra, mais que vous ne savez pas comment vous y rendre, nous vous emm\u00e8nerons en bus de Malaga \u00e0 Grenade. D\u00e9couvrez les tapas, les salons de th\u00e9 et la plus charmante ville d'origine nasride d'Andalousie.<\/p>","protected":false},"featured_media":5782,"comment_status":"open","ping_status":"closed","template":"","meta":{"_acf_changed":false,"_eb_attr":""},"product_brand":[],"product_cat":[248],"product_tag":[215,176,254],"class_list":{"0":"post-6345","1":"product","2":"type-product","3":"status-publish","4":"has-post-thumbnail","6":"product_cat-excursion-sin-entradas","7":"product_tag-blackfriday","8":"product_tag-costa-del-sol","9":"product_tag-granada","11":"first","12":"instock","13":"featured","14":"virtual","15":"sold-individually","16":"purchasable","17":"product-type-turitop"},"acf":[],"_links":{"self":[{"href":"https:\/\/www.visitanddo.com\/fr\/wp-json\/wp\/v2\/product\/6345","targetHints":{"allow":["GET"]}}],"collection":[{"href":"https:\/\/www.visitanddo.com\/fr\/wp-json\/wp\/v2\/product"}],"about":[{"href":"https:\/\/www.visitanddo.com\/fr\/wp-json\/wp\/v2\/types\/product"}],"replies":[{"embeddable":true,"href":"https:\/\/www.visitanddo.com\/fr\/wp-json\/wp\/v2\/comments?post=6345"}],"version-history":[{"count":23,"href":"https:\/\/www.visitanddo.com\/fr\/wp-json\/wp\/v2\/product\/6345\/revisions"}],"predecessor-version":[{"id":51720,"href":"https:\/\/www.visitanddo.com\/fr\/wp-json\/wp\/v2\/product\/6345\/revisions\/51720"}],"wp:featuredmedia":[{"embeddable":true,"href":"https:\/\/www.visitanddo.com\/fr\/wp-json\/wp\/v2\/media\/5782"}],"wp:attachment":[{"href":"https:\/\/www.visitanddo.com\/fr\/wp-json\/wp\/v2\/media?parent=6345"}],"wp:term":[{"taxonomy":"product_brand","embeddable":true,"href":"https:\/\/www.visitanddo.com\/fr\/wp-json\/wp\/v2\/product_brand?post=6345"},{"taxonomy":"product_cat","embeddable":true,"href":"https:\/\/www.visitanddo.com\/fr\/wp-json\/wp\/v2\/product_cat?post=6345"},{"taxonomy":"product_tag","embeddable":true,"href":"https:\/\/www.visitanddo.com\/fr\/wp-json\/wp\/v2\/product_tag?post=6345"}],"curies":[{"name":"wp","href":"https:\/\/api.w.org\/{rel}","templated":true}]}}