{"id":5465,"date":"2022-07-15T08:12:21","date_gmt":"2022-07-15T08:12:21","guid":{"rendered":"https:\/\/www.visitanddo.com\/product\/visita-nocturna-mezquita-catedral-de-cordoba-desde-malaga-y-desde-costa-del-sol\/"},"modified":"2024-02-05T09:00:25","modified_gmt":"2024-02-05T09:00:25","slug":"visite-de-nuit-mezquita-cordoba","status":"publish","type":"product","link":"https:\/\/www.visitanddo.com\/fr\/produit\/visite-de-nuit-mezquita-cordoba\/","title":{"rendered":"Visite nocturne de la mosqu\u00e9e-cath\u00e9drale de Cordoue depuis Malaga en priv\u00e9"},"content":{"rendered":"<p>Nous viendrons vous chercher en bus avec notre guide \u00e0 l'heure et au lieu choisis pour commencer la visite.<strong> visite nocturne de la mosqu\u00e9e-cath\u00e9drale de Cordoue.<\/strong><\/p>\n<p>Pendant la visite en bus, vous appr\u00e9cierez le voyage le long de Malaga et de la Costa del Sol pendant que notre guide vous racontera des anecdotes et des curiosit\u00e9s de la ville. <strong>la ville des trois cultures, Cordoue.<\/strong><\/p>\n<p>Cette excursion \u00e0 Cordoue est le moyen le plus facile et le plus confortable de visiter les sites les plus importants de la ville au coucher du soleil et de voir les sites les plus importants de la ville. <strong>Profitez d'un spectacle unique \"L'\u00e2me de Cordoue\".<\/strong> pendant les nuits des mois d'\u00e9t\u00e9 dans l'un des monuments les plus repr\u00e9sentatifs, la Mosqu\u00e9e-Cath\u00e9drale de Cordoue.<\/p>\n<p>Avec notre guide, nous ferons une promenade d'une heure dans l'un des quartiers les plus typiques, <strong>le quartier juif de Cordoue<\/strong>. Nous visiterons le coin le plus c\u00e9l\u00e8bre du quartier juif, <strong>la Calleja de las Flores.<\/strong> La rue la plus \u00e9troite de la ville, <strong>L'all\u00e9e des mouchoirs<\/strong>, <strong>la Synagogue de Cordoue<\/strong>C'est la seule synagogue qui a \u00e9t\u00e9 pr\u00e9serv\u00e9e en Andalousie apr\u00e8s l'expulsion des Juifs en 1492. Nous continuerons \u00e9galement vers l'une des places les plus importantes du quartier juif, <strong>Place Maimonide<\/strong>avec son monument caract\u00e9ristique \u00e0 Ma\u00efmonide, en l'honneur de ce c\u00e9l\u00e8bre philosophe et m\u00e9decin juif de Cordoue.<\/p>\n<p>Apr\u00e8s cette agr\u00e9able premi\u00e8re visite, nous arriverons \u00e0 <strong>\u00e0 l'ext\u00e9rieur du monument dans le Patio de los Naranjos<\/strong> de commencer pendant une heure et de faire connaissance avec \"l'\u00e2me de Cordoue\", o\u00f9 vous pourrez profiter d'une <strong>proyecci\u00f3n sobre la historia del edificio y la ciudad<\/strong> Vous ne resterez pas indiff\u00e9rent \u00e0 la contemplation de l'un des monuments les plus importants de la ville et d\u00e9clar\u00e9 patrimoine mondial par l'Unesco, <strong>La mosqu\u00e9e-cath\u00e9drale de Cordoue.<\/strong><\/p>\n<p>Profitez de cette exp\u00e9rience unique les soirs d'\u00e9t\u00e9, <strong>un spectacle d'images<\/strong> que vous contemplerez dans les coins les plus caract\u00e9ristiques de ce monument accompagn\u00e9 de <strong>lumi\u00e8res et sons<\/strong> pour apprendre \u00e0 conna\u00eetre le monument, de son c\u00f4t\u00e9 historico-artistique \u00e0 sa signification religieuse. <strong>Une fa\u00e7on exclusive de visiter la mosqu\u00e9e-cath\u00e9drale de Cordoue de nuit, o\u00f9 vous ferez le tour du monument et apprendrez \u00e0 conna\u00eetre ses principales caract\u00e9ristiques. <\/strong><\/p>\n<p>Apr\u00e8s avoir termin\u00e9 cette incroyable exp\u00e9rience qui vous laissera la bouche ouverte, apr\u00e8s avoir profit\u00e9 de Cordoue de nuit, nous nous retrouverons pour le retour au m\u00eame endroit que le ramassage.<\/p>\n<h2><span style=\"color: #feaa61;\"><strong>Option : Excursion \u00e0 Cordoue et billets pour la Mosqu\u00e9e-Cath\u00e9drale\u00a0<\/strong><\/span><\/h2>\n<p>Si vous pr\u00e9f\u00e9rez visiter pendant la journ\u00e9e, vous pouvez emprunter tout au long de l'ann\u00e9e la <a href=\"https:\/\/visitanddo.com\/product\/excursion-cordoba-desde-malaga\/\" target=\"_blank\" rel=\"noopener\">Excursion \u00e0 Cordoue et billets pour la Mosqu\u00e9e-Cath\u00e9drale<\/a><\/p>","protected":false},"excerpt":{"rendered":"<p>Cette excursion vous rapproche de \"l'\u00e2me de Cordoue\", une promenade magique \u00e0 travers la vieille ville et son quartier juif pendant les mois d'\u00e9t\u00e9 et profitez d'un spectacle unique le soir, dans l'un des monuments les plus repr\u00e9sentatifs, la mosqu\u00e9e-cath\u00e9drale de Cordoue. R\u00e9servez votre place !<\/p>","protected":false},"featured_media":5497,"comment_status":"open","ping_status":"closed","template":"","meta":{"_acf_changed":false,"_eb_attr":""},"product_brand":[],"product_cat":[220,246],"product_tag":[203,176],"class_list":{"0":"post-5465","1":"product","2":"type-product","3":"status-publish","4":"has-post-thumbnail","6":"product_cat-excursion-privada","7":"product_cat-experiencias-unicas","8":"product_tag-cordoba","9":"product_tag-costa-del-sol","11":"first","12":"instock","13":"virtual","14":"sold-individually","15":"purchasable","16":"product-type-turitop"},"acf":[],"_links":{"self":[{"href":"https:\/\/www.visitanddo.com\/fr\/wp-json\/wp\/v2\/product\/5465","targetHints":{"allow":["GET"]}}],"collection":[{"href":"https:\/\/www.visitanddo.com\/fr\/wp-json\/wp\/v2\/product"}],"about":[{"href":"https:\/\/www.visitanddo.com\/fr\/wp-json\/wp\/v2\/types\/product"}],"replies":[{"embeddable":true,"href":"https:\/\/www.visitanddo.com\/fr\/wp-json\/wp\/v2\/comments?post=5465"}],"version-history":[{"count":26,"href":"https:\/\/www.visitanddo.com\/fr\/wp-json\/wp\/v2\/product\/5465\/revisions"}],"predecessor-version":[{"id":14938,"href":"https:\/\/www.visitanddo.com\/fr\/wp-json\/wp\/v2\/product\/5465\/revisions\/14938"}],"wp:featuredmedia":[{"embeddable":true,"href":"https:\/\/www.visitanddo.com\/fr\/wp-json\/wp\/v2\/media\/5497"}],"wp:attachment":[{"href":"https:\/\/www.visitanddo.com\/fr\/wp-json\/wp\/v2\/media?parent=5465"}],"wp:term":[{"taxonomy":"product_brand","embeddable":true,"href":"https:\/\/www.visitanddo.com\/fr\/wp-json\/wp\/v2\/product_brand?post=5465"},{"taxonomy":"product_cat","embeddable":true,"href":"https:\/\/www.visitanddo.com\/fr\/wp-json\/wp\/v2\/product_cat?post=5465"},{"taxonomy":"product_tag","embeddable":true,"href":"https:\/\/www.visitanddo.com\/fr\/wp-json\/wp\/v2\/product_tag?post=5465"}],"curies":[{"name":"wp","href":"https:\/\/api.w.org\/{rel}","templated":true}]}}