{"id":515,"date":"2021-06-03T07:35:14","date_gmt":"2021-06-03T07:35:14","guid":{"rendered":"https:\/\/www.visitanddo.com\/product\/del-hotel-al-aeropuerto\/"},"modified":"2024-02-05T09:03:25","modified_gmt":"2024-02-05T09:03:25","slug":"transfert-hotel-aeroport","status":"publish","type":"product","link":"https:\/\/www.visitanddo.com\/fr\/produit\/transfert-hotel-aeroport\/","title":{"rendered":"Transfert priv\u00e9 de votre destination \u00e0 l'a\u00e9roport de Malaga (AGP)"},"content":{"rendered":"<p><strong>R\u00e9server un v\u00e9hicule priv\u00e9 de 55 places maximum<\/strong><\/p>\n<ul>\n<li>Transfert de votre h\u00f4tel \u00e0 Malaga, Costa del Sol, Campo de Gibraltar ou Costa Tropical \u00e0 l'a\u00e9roport.<\/li>\n<\/ul>\n<p>&nbsp;<\/p>\n<p>&nbsp;<\/p>\n<p><strong>O\u00f9 notre chauffeur vous attendra-t-il ?<\/strong><\/p>\n<ul>\n<li>Notre chauffeur vous accueillera au point de ramassage avec votre nom et vous conduira \u00e0 l'a\u00e9roport en tout confort.<\/li>\n<\/ul>\n<p>&nbsp;<\/p>\n<p>&nbsp;<\/p>\n<p><strong>Heure de prise en charge et destination ?<\/strong><\/p>\n<ul>\n<li>Assurez-vous d'indiquer l'heure de prise en charge correcte, nous vous recommandons de <strong>l'heure d'arriv\u00e9e \u00e0 l'a\u00e9roport est au moins 3 heures - 2 heures avant le d\u00e9part pr\u00e9vu de votre vol<\/strong>Veuillez vous assurer de la distance entre le lieu de prise en charge et l'a\u00e9roport. Pr\u00e9voyez d'arriver 4 heures plus t\u00f4t pendant la haute saison en raison d'\u00e9ventuels embouteillages.<\/li>\n<\/ul>\n<p>&nbsp;<\/p>\n<p>&nbsp;<\/p>\n<p><strong>Type de v\u00e9hicule ?<\/strong><\/p>\n<ul>\n<li>Nos v\u00e9hicules sont des Mercedes Vito ou similaires, avec une capacit\u00e9 maximale de 6 si\u00e8ges et de l'espace pour les bagages de 6 personnes.<\/li>\n<li>Tout bagage exceptionnel doit \u00eatre consult\u00e9 \u00e0 l'avance.<\/li>\n<li>Nos v\u00e9hicules ne sont pas \u00e9quip\u00e9s de porte-bagages ext\u00e9rieurs.<\/li>\n<\/ul>\n<p>&nbsp;<\/p>\n<p>&nbsp;<\/p>\n<p><strong>Une destination diff\u00e9rente de ce que notre calendrier propose ?<\/strong><\/p>\n<ul>\n<li><a href=\"https:\/\/visitanddo.com\/contacto\/\" target=\"_blank\" rel=\"noopener\">Envoyez-nous un message<\/a> et nous vous donnerons notre meilleur prix.<\/li>\n<\/ul>\n<p>&nbsp;<\/p>\n<p>&nbsp;<\/p>\n<p><strong>Groupes de plus de 55 personnes ?<\/strong><\/p>\n<ul>\n<li>\u00a0<a href=\"https:\/\/visitanddo.com\/contacto\/\" target=\"_blank\" rel=\"noopener\">Envoyez-nous un message<\/a> et nous vous donnerons notre meilleur prix. <strong>Nous disposons de v\u00e9hicules comportant jusqu'\u00e0 59 si\u00e8ges.<\/strong><\/li>\n<\/ul>\n<p>&nbsp;<\/p>","protected":false},"excerpt":{"rendered":"<p>R\u00e9servez un service de transfert priv\u00e9 vers l'a\u00e9roport de Malaga (AGP) depuis les principaux quartiers de Malaga, Costa del Sol, Campo de Gibraltar et Costa Tropial.<\/p>","protected":false},"featured_media":12632,"comment_status":"open","ping_status":"closed","template":"","meta":{"_acf_changed":false,"_eb_attr":""},"product_brand":[],"product_cat":[47],"product_tag":[176,181],"class_list":{"0":"post-515","1":"product","2":"type-product","3":"status-publish","4":"has-post-thumbnail","6":"product_cat-traslados","7":"product_tag-costa-del-sol","8":"product_tag-traslados","10":"first","11":"instock","12":"virtual","13":"sold-individually","14":"purchasable","15":"product-type-turitop"},"acf":[],"_links":{"self":[{"href":"https:\/\/www.visitanddo.com\/fr\/wp-json\/wp\/v2\/product\/515","targetHints":{"allow":["GET"]}}],"collection":[{"href":"https:\/\/www.visitanddo.com\/fr\/wp-json\/wp\/v2\/product"}],"about":[{"href":"https:\/\/www.visitanddo.com\/fr\/wp-json\/wp\/v2\/types\/product"}],"replies":[{"embeddable":true,"href":"https:\/\/www.visitanddo.com\/fr\/wp-json\/wp\/v2\/comments?post=515"}],"version-history":[{"count":13,"href":"https:\/\/www.visitanddo.com\/fr\/wp-json\/wp\/v2\/product\/515\/revisions"}],"predecessor-version":[{"id":13237,"href":"https:\/\/www.visitanddo.com\/fr\/wp-json\/wp\/v2\/product\/515\/revisions\/13237"}],"wp:featuredmedia":[{"embeddable":true,"href":"https:\/\/www.visitanddo.com\/fr\/wp-json\/wp\/v2\/media\/12632"}],"wp:attachment":[{"href":"https:\/\/www.visitanddo.com\/fr\/wp-json\/wp\/v2\/media?parent=515"}],"wp:term":[{"taxonomy":"product_brand","embeddable":true,"href":"https:\/\/www.visitanddo.com\/fr\/wp-json\/wp\/v2\/product_brand?post=515"},{"taxonomy":"product_cat","embeddable":true,"href":"https:\/\/www.visitanddo.com\/fr\/wp-json\/wp\/v2\/product_cat?post=515"},{"taxonomy":"product_tag","embeddable":true,"href":"https:\/\/www.visitanddo.com\/fr\/wp-json\/wp\/v2\/product_tag?post=515"}],"curies":[{"name":"wp","href":"https:\/\/api.w.org\/{rel}","templated":true}]}}