{"id":20231,"date":"2024-11-06T10:10:30","date_gmt":"2024-11-06T10:10:30","guid":{"rendered":"https:\/\/www.visitanddo.com\/product\/excursion-a-sevilla-con-visita-y-entradas-a-la-catedral-y-la-giralda-desde-malaga\/"},"modified":"2025-06-16T09:26:28","modified_gmt":"2025-06-16T09:26:28","slug":"excursion-a-seville-avec-visite-et-billets-de-la-cathedrale-et-de-la-giralda-depuis-malaga","status":"publish","type":"product","link":"https:\/\/www.visitanddo.com\/fr\/produit\/excursion-a-seville-avec-visite-et-billets-de-la-cathedrale-et-de-la-giralda-depuis-malaga\/","title":{"rendered":"Excursion \u00e0 S\u00e9ville avec visite et billets pour la cath\u00e9drale et la Giralda depuis Malaga"},"content":{"rendered":"<p>Nous viendrons vous chercher au point de rencontre que vous aurez choisi pour commencer notre voyage. <strong>excursion \u00e0 S\u00e9ville avec visite de la cath\u00e9drale et de la Giralda <\/strong><strong>de Malaga et de la Costa del Sol<\/strong>. S\u00e9ville se trouve \u00e0 environ 210 km de Malaga et le trajet dure environ 3 heures.<\/p>\n<p>Au cours de la visite, nous ferons une br\u00e8ve halte pour prendre le petit-d\u00e9jeuner et utiliser les toilettes avant de poursuivre notre voyage vers S\u00e9ville. Pr\u00e9parez-vous \u00e0 vous immerger dans son histoire, sa culture et son charme !<\/p>\n<p data-start=\"549\" data-end=\"1017\">Arriv\u00e9e \u00e0 S\u00e9ville vers 11h00, <strong>profiter d'une visite panoramique en bus<\/strong>d'o\u00f9 vous pourrez admirer des lieux embl\u00e9matiques tels que <strong>le Paseo de Col\u00f3n, le Guadalquivir et l'Avenida de las Palmeras<\/strong>. En arri\u00e8re-plan, on peut voir <strong>Maria Luisa Park<\/strong>o\u00f9, pendant votre temps libre, vous pourrez visiter<strong> l'embl\u00e9matique Plaza de Espa\u00f1a<\/strong>Un joyau architectural o\u00f9 chaque communaut\u00e9 autonome est repr\u00e9sent\u00e9e, un endroit parfait pour prendre des photos inoubliables !<\/p>\n<p data-start=\"1019\" data-end=\"1327\">Nous poursuivrons notre route le long de <strong>les jardins de Murillo<\/strong> jusqu'\u00e0 ce que vous atteigniez le centre historique de la ville, plus pr\u00e9cis\u00e9ment le <strong>la Puerta de Jerez<\/strong>. Ce point, l'un des acc\u00e8s historiques les plus repr\u00e9sentatifs de S\u00e9ville, est situ\u00e9 au centre de la ville, \u00e0 proximit\u00e9 de monuments remarquables tels que <strong>la Torre del Oro<\/strong>.<\/p>\n<p data-start=\"1329\" data-end=\"1496\">\u00c0 partir de la Puerta de Jerez, le groupe sera s\u00e9par\u00e9 en fonction de la modalit\u00e9 choisie, avec cette option <strong>nous vous proposons de d\u00e9couvrir S\u00e9ville avec une visite de la cath\u00e9drale et de la Giralda en une journ\u00e9e<\/strong>:<\/p>\n<h2><span style=\"color: #feaa61;\"><strong>Option : Visite de la cath\u00e9drale et de la Giralda de S\u00e9ville<\/strong><\/span><\/h2>\n<p>Nous commencerons par vous laisser du temps libre pour vous promener dans les rues \u00e9troites et pittoresques de la ville. <strong>Quartier de Santa Cruz<\/strong>un lieu charg\u00e9 d'histoire, de l\u00e9gendes et de charme. Nous nous prom\u00e8nerons sur la Plaza de Do\u00f1a Elvira et la Plaza de Santa Cruz, en admirant les traditionnelles cours fleuries, le Callej\u00f3n del Agua pr\u00e8s de la muraille de l'Alc\u00e1zar et l'embl\u00e9matique statue de Don Juan Tenorio sur la Plaza de los Refinadores. Le tout dans un cadre \u00e0 l'atmosph\u00e8re authentiquement andalouse, jusqu'\u00e0 ce que vous arriviez \u00e0 <strong>la place du Triomphe<\/strong>.<\/p>\n<p>\u00c0 l'heure indiqu\u00e9e par le guide, nous nous enfoncerons dans l'histoire et la grandeur de la ville. <strong>la troisi\u00e8me plus grande cath\u00e9drale du monde en termes de superficie<\/strong>. Au cours d'une visite guid\u00e9e d'une heure, nous d\u00e9couvrirons <strong>Cath\u00e9drale de S\u00e9ville<\/strong>Un joyau de l'art gothique et de la Renaissance, class\u00e9 au patrimoine mondial de l'humanit\u00e9. \u00c0 l'int\u00e9rieur, vous serez impressionn\u00e9 par <strong>le majestueux Retablo Mayor, le tombeau de Christophe Colomb, la Capilla Real<\/strong> et les imposants vitraux. Nous visiterons \u00e9galement le ch\u0153ur en bois sculpt\u00e9, le tr\u00e9sor contenant des objets religieux et la salle des f\u00eates. <strong>la Sacrist\u00eda Mayor, qui abrite des \u0153uvres de grands ma\u00eetres tels que Murillo et Goya.<\/strong>La collection est l'une des plus remarquables d'Espagne.<\/p>\n<p>Apr\u00e8s cette exp\u00e9rience guid\u00e9e, vous aurez la possibilit\u00e9 de visiter \u00e0 votre guise <strong>l'embl\u00e9matique Giralda<\/strong>L'\u00e9glise est un symbole de S\u00e9ville, combinant des influences architecturales islamiques et de la Renaissance. Vous pouvez monter jusqu'\u00e0 son mirador et profiter d'une vue panoramique spectaculaire de la ville, id\u00e9ale pour immortaliser des souvenirs inoubliables.<\/p>\n<p>\u00c0 partir de 14h00 environ, vous pourrez profiter de <strong>temps libre pour visiter S\u00e9ville \u00e0 votre guise<\/strong> et profiter de sa gastronomie.<\/p>\n<p>Le temps libre d\u00e9pend de l'heure d'entr\u00e9e dans le monument.<\/p>\n<p>&nbsp;<\/p>\n<hr \/>\n<p>A l'heure indiqu\u00e9e par notre guide, vers 16h00, nous nous retrouverons avec l'ensemble du groupe \u00e0 l'h\u00f4tel. <strong>Puerta de Jerez <\/strong>et nous nous rendrons au bus qui nous ram\u00e8nera \u00e0 Malaga. \u00c0 l'arriv\u00e9e, nous vous d\u00e9poserons aux points de d\u00e9part, l\u00e0 o\u00f9 l'excursion a commenc\u00e9.<\/p>","protected":false},"excerpt":{"rendered":"<p>Explorez la capitale andalouse lors d'une visite d'une journ\u00e9e compl\u00e8te de S\u00e9ville avec visite et billets pour la cath\u00e9drale et la Giralda au d\u00e9part de Malaga et profitez des vues panoramiques de S\u00e9ville. Promenez-vous dans ses rues les plus embl\u00e9matiques, visitez l'embl\u00e9matique Plaza de Espa\u00f1a, fl\u00e2nez dans le charmant Barrio de Santa Cruz et d\u00e9couvrez l'impressionnante cath\u00e9drale et la Giralda de S\u00e9ville - r\u00e9servez votre place d\u00e8s maintenant !<\/p>","protected":false},"featured_media":12780,"comment_status":"open","ping_status":"closed","template":"","meta":{"_acf_changed":false,"_eb_attr":""},"product_brand":[],"product_cat":[247,249],"product_tag":[253],"class_list":{"0":"post-20231","1":"product","2":"type-product","3":"status-publish","4":"has-post-thumbnail","6":"product_cat-excursion-con-entradas","7":"product_cat-excursion-con-visita-guiada","8":"product_tag-sevilla","10":"first","11":"instock","12":"virtual","13":"sold-individually","14":"purchasable","15":"product-type-turitop"},"acf":[],"_links":{"self":[{"href":"https:\/\/www.visitanddo.com\/fr\/wp-json\/wp\/v2\/product\/20231","targetHints":{"allow":["GET"]}}],"collection":[{"href":"https:\/\/www.visitanddo.com\/fr\/wp-json\/wp\/v2\/product"}],"about":[{"href":"https:\/\/www.visitanddo.com\/fr\/wp-json\/wp\/v2\/types\/product"}],"replies":[{"embeddable":true,"href":"https:\/\/www.visitanddo.com\/fr\/wp-json\/wp\/v2\/comments?post=20231"}],"version-history":[{"count":14,"href":"https:\/\/www.visitanddo.com\/fr\/wp-json\/wp\/v2\/product\/20231\/revisions"}],"predecessor-version":[{"id":23836,"href":"https:\/\/www.visitanddo.com\/fr\/wp-json\/wp\/v2\/product\/20231\/revisions\/23836"}],"wp:featuredmedia":[{"embeddable":true,"href":"https:\/\/www.visitanddo.com\/fr\/wp-json\/wp\/v2\/media\/12780"}],"wp:attachment":[{"href":"https:\/\/www.visitanddo.com\/fr\/wp-json\/wp\/v2\/media?parent=20231"}],"wp:term":[{"taxonomy":"product_brand","embeddable":true,"href":"https:\/\/www.visitanddo.com\/fr\/wp-json\/wp\/v2\/product_brand?post=20231"},{"taxonomy":"product_cat","embeddable":true,"href":"https:\/\/www.visitanddo.com\/fr\/wp-json\/wp\/v2\/product_cat?post=20231"},{"taxonomy":"product_tag","embeddable":true,"href":"https:\/\/www.visitanddo.com\/fr\/wp-json\/wp\/v2\/product_tag?post=20231"}],"curies":[{"name":"wp","href":"https:\/\/api.w.org\/{rel}","templated":true}]}}