{"id":13791,"date":"2023-10-19T09:16:32","date_gmt":"2023-10-19T09:16:32","guid":{"rendered":"https:\/\/www.visitanddo.com\/product\/excursion-a-marruecos-desde-algeciras-y-desde-gibraltar\/"},"modified":"2026-03-30T14:20:48","modified_gmt":"2026-03-30T14:20:48","slug":"excursion-au-maroc-depuis-algeciras-et-depuis-gibraltar","status":"publish","type":"product","link":"https:\/\/www.visitanddo.com\/fr\/produit\/excursion-au-maroc-depuis-algeciras-et-depuis-gibraltar\/","title":{"rendered":"Excursion au Maroc depuis Alg\u00e9siras et Gibraltar"},"content":{"rendered":"<p><span data-sheets-value=\"{&quot;1&quot;:2,&quot;2&quot;:&quot;Nos reuniremos con el gu\u00eda en el punto de recogida con salida desde M\u00e1laga, Torremolinos, Benalm\u00e1dena, Fuengirola o Gibraltar, que hayas elegido y s\u00fabete a tu autob\u00fas para iniciar el viaje hacia Marruecos.\\r\\nDurante el recorrido en autob\u00fas disfrutar\u00e1s del trayecto a lo largo de M\u00e1laga y la Costa del Sol mientras nuestro gu\u00eda te contar\u00e1 an\u00e9cdotas y curiosidades de Marruecos. \\r\\n\\r\\nLlegaremos sobre las 9:00h a Algeciras para iniciar la salida en Fast-Ferry durante 45 minutos hacia Ceuta. \u00a1Disfruta del mar atravesando el estrecho!\\r\\nUna vez en Ceuta comenzar\u00e1 la aventura para poner pie en tierras marroqu\u00edes. Ten la documentaci\u00f3n preparada para pasar la frontera, nuestro gu\u00eda se encargar\u00e1 de facilitar este tr\u00e1mite y una vez crucemos iniciar\u00e1 la ruta panor\u00e1mica en autob\u00fas durante 30 minutos mientras disfrutas del paisaje \u00a1Ten preparada la c\u00e1mara para sacar las mejores fotos! durante el recorrido haremos una parada para que saques tu mejor instant\u00e1nea. \\r\\n\\r\\nEstaremos en Tetuan durante 5 horas, una vez aqu\u00ed daremos un agradable paseo donde nuestro gu\u00eda local te ense\u00f1ar\u00e1 las zonas m\u00e1s ic\u00f3nicas de la ciudad marroqu\u00ed, sin perder detalle de la Plaza Hassan II, donde se encuentra el Palacio Real o Palacio del Khalifa, el Museo Arqueol\u00f3gico y el Centro de Arte Moderno. Recorreremos las calles estrechas del antiguo barrio jud\u00edo o Mellah y veremos la sinagoga de Bengualid. \u00a1No pierdas detalla! El zoco de Tetu\u00e1n, un aut\u00e9ntico viaje en el tiempo que te permitir\u00e1 conocer la labor de sus artesano. Continuaremos por la Medina, caracter\u00edstica por sus paredes blancas y puertas verdes, es Patrimonio de la Humanidad de la UNESCO y la m\u00e1s peque\u00f1a del pa\u00eds.\\r\\n\\r\\nA medio d\u00eda haremos una parada para almorzar en un restaurante t\u00edpico marroqu\u00ed donde podr\u00e1s disfrutar el folklore tradicional mientras pruebas un declicioso Cous Cous acompa\u00f1ado del t\u00edpico The Menta y los pasteles \u00e1rabes. \\r\\n\\r\\nA la hora indicada por nuestro gu\u00eda volveremos a reunirnos para el regreso a Ceuta y el embarque a Algeciras para regresar al punto de recogida.\\&quot;\\t\\t\\t\\t\\t&quot;}\" data-sheets-userformat=\"{&quot;2&quot;:1001,&quot;3&quot;:{&quot;1&quot;:0},&quot;6&quot;:{&quot;1&quot;:[{&quot;1&quot;:2,&quot;2&quot;:0,&quot;5&quot;:{&quot;1&quot;:2,&quot;2&quot;:0}},{&quot;1&quot;:0,&quot;2&quot;:0,&quot;3&quot;:3},{&quot;1&quot;:1,&quot;2&quot;:0,&quot;4&quot;:1}]},&quot;8&quot;:{&quot;1&quot;:[{&quot;1&quot;:2,&quot;2&quot;:0,&quot;5&quot;:{&quot;1&quot;:2,&quot;2&quot;:0}},{&quot;1&quot;:0,&quot;2&quot;:0,&quot;3&quot;:3},{&quot;1&quot;:1,&quot;2&quot;:0,&quot;4&quot;:1}]},&quot;9&quot;:0,&quot;10&quot;:1,&quot;11&quot;:4,&quot;12&quot;:0}\">Pasaremos a recogeros en autob\u00fas con nuestro gu\u00eda a la hora y lugar elegido para iniciar la <strong>excursi\u00f3n a Marruecos de un d\u00eda.<\/strong><\/span><\/p>\n<p><span data-sheets-value=\"{&quot;1&quot;:2,&quot;2&quot;:&quot;Nos reuniremos con el gu\u00eda en el punto de recogida con salida desde M\u00e1laga, Torremolinos, Benalm\u00e1dena, Fuengirola o Gibraltar, que hayas elegido y s\u00fabete a tu autob\u00fas para iniciar el viaje hacia Marruecos.\\r\\nDurante el recorrido en autob\u00fas disfrutar\u00e1s del trayecto a lo largo de M\u00e1laga y la Costa del Sol mientras nuestro gu\u00eda te contar\u00e1 an\u00e9cdotas y curiosidades de Marruecos. \\r\\n\\r\\nLlegaremos sobre las 9:00h a Algeciras para iniciar la salida en Fast-Ferry durante 45 minutos hacia Ceuta. \u00a1Disfruta del mar atravesando el estrecho!\\r\\nUna vez en Ceuta comenzar\u00e1 la aventura para poner pie en tierras marroqu\u00edes. Ten la documentaci\u00f3n preparada para pasar la frontera, nuestro gu\u00eda se encargar\u00e1 de facilitar este tr\u00e1mite y una vez crucemos iniciar\u00e1 la ruta panor\u00e1mica en autob\u00fas durante 30 minutos mientras disfrutas del paisaje \u00a1Ten preparada la c\u00e1mara para sacar las mejores fotos! durante el recorrido haremos una parada para que saques tu mejor instant\u00e1nea. \\r\\n\\r\\nEstaremos en Tetuan durante 5 horas, una vez aqu\u00ed daremos un agradable paseo donde nuestro gu\u00eda local te ense\u00f1ar\u00e1 las zonas m\u00e1s ic\u00f3nicas de la ciudad marroqu\u00ed, sin perder detalle de la Plaza Hassan II, donde se encuentra el Palacio Real o Palacio del Khalifa, el Museo Arqueol\u00f3gico y el Centro de Arte Moderno. Recorreremos las calles estrechas del antiguo barrio jud\u00edo o Mellah y veremos la sinagoga de Bengualid. \u00a1No pierdas detalla! El zoco de Tetu\u00e1n, un aut\u00e9ntico viaje en el tiempo que te permitir\u00e1 conocer la labor de sus artesano. Continuaremos por la Medina, caracter\u00edstica por sus paredes blancas y puertas verdes, es Patrimonio de la Humanidad de la UNESCO y la m\u00e1s peque\u00f1a del pa\u00eds.\\r\\n\\r\\nA medio d\u00eda haremos una parada para almorzar en un restaurante t\u00edpico marroqu\u00ed donde podr\u00e1s disfrutar el folklore tradicional mientras pruebas un declicioso Cous Cous acompa\u00f1ado del t\u00edpico The Menta y los pasteles \u00e1rabes. \\r\\n\\r\\nA la hora indicada por nuestro gu\u00eda volveremos a reunirnos para el regreso a Ceuta y el embarque a Algeciras para regresar al punto de recogida.\\&quot;\\t\\t\\t\\t\\t&quot;}\" data-sheets-userformat=\"{&quot;2&quot;:1001,&quot;3&quot;:{&quot;1&quot;:0},&quot;6&quot;:{&quot;1&quot;:[{&quot;1&quot;:2,&quot;2&quot;:0,&quot;5&quot;:{&quot;1&quot;:2,&quot;2&quot;:0}},{&quot;1&quot;:0,&quot;2&quot;:0,&quot;3&quot;:3},{&quot;1&quot;:1,&quot;2&quot;:0,&quot;4&quot;:1}]},&quot;8&quot;:{&quot;1&quot;:[{&quot;1&quot;:2,&quot;2&quot;:0,&quot;5&quot;:{&quot;1&quot;:2,&quot;2&quot;:0}},{&quot;1&quot;:0,&quot;2&quot;:0,&quot;3&quot;:3},{&quot;1&quot;:1,&quot;2&quot;:0,&quot;4&quot;:1}]},&quot;9&quot;:0,&quot;10&quot;:1,&quot;11&quot;:4,&quot;12&quot;:0}\">Durante el recorrido en autob\u00fas disfrutar\u00e1s del trayecto a lo largo de M\u00e1laga y la Costa del Sol mientras <strong>nuestro gu\u00eda te contar\u00e1 an\u00e9cdotas y curiosidades de Marruecos.<\/strong><\/span><\/p>\n<p>&nbsp;<\/p>\n<p>&nbsp;<\/p>\n<p>Llegaremos sobre las 9:30h a <strong>Algeciras para iniciar la salida en Fast-Ferry<\/strong> durante 60 minutos hacia Ceuta. <strong>\u00a1Disfruta del mar atravesando el estrecho!<\/strong><\/p>\n<p>&nbsp;<\/p>\n<p>&nbsp;<\/p>\n<p>&nbsp;<\/p>\n<p>A las 11:00h, una vez en Ceuta comenzar\u00e1 la aventura para poner pie en tierras marroqu\u00edes.\u00a0 <strong data-start=\"338\" data-end=\"387\">Durante el recorrido en autob\u00fas desde el puerto de Ceuta hasta la frontera de Marruecos <\/strong>pasaremos junto a algunos de sus puntos m\u00e1s emblem\u00e1ticos, como las <strong data-start=\"455\" data-end=\"474\">Murallas Reales<\/strong> y el <strong data-start=\"480\" data-end=\"502\" data-is-only-node=\"\">Foso de San Felipe<\/strong>, que podremos ver desde el veh\u00edculo.<\/p>\n<p>&nbsp;<\/p>\n<p>Una vez lleguemos al paso fronterizo, ten la documentaci\u00f3n preparada para pasar la frontera, nuestro gu\u00eda se encargar\u00e1 de facilitar este tr\u00e1mite y una vez crucemos iniciar\u00e1 la <strong>ruta panor\u00e1mica en autob\u00fas desde Ceuta a Tetu\u00e1n<\/strong>\u00a0durante 30 minutos mientras disfrutas del paisaje <strong>\u00a1Ten preparada la c\u00e1mara para sacar las mejores fotos! <\/strong>Durante\u00a0el recorrido haremos una parada para que saques tu mejor instant\u00e1nea.<\/p>\n<p>&nbsp;<\/p>\n<p>&nbsp;<\/p>\n<p>Estaremos en <strong>Tetu\u00e1n<\/strong> durante 5 horas, una vez aqu\u00ed daremos un agradable paseo donde nuestro gu\u00eda local te ense\u00f1ar\u00e1 las zonas m\u00e1s ic\u00f3nicas de la ciudad marroqu\u00ed, comenzaremos en <strong>la Plaza Moulay El Mehdi<\/strong>, comienzo del ensanche espa\u00f1ol de Tetu\u00e1n, si has visto la serie &#8216;El tiempo entre costuras&#8217; reconocer\u00e1s esta plaza circular donde se encuentra <strong>la catedral de Nuestra Se\u00f1ora de la Victoria<\/strong>. Continuaremos sin perder detalle hacia <strong>las calles estrechas del antiguo barrio jud\u00edo o Mellah, <\/strong>con su preciosa la sinagoga de Bengualid. Veremos la<strong> Plaza Hassan II<\/strong>, donde se encuentra el Palacio Real o Palacio del Khalifa, el Museo Arqueol\u00f3gico y el Centro de Arte Moderno. <strong>\u00a0<\/strong>\u00a1No pierdas nada de vista!<\/p>\n<p>&nbsp;<\/p>\n<p><strong>El zoco de Tetu\u00e1n<\/strong>, un aut\u00e9ntico viaje en el tiempo que te permitir\u00e1 conocer la labor de sus artesanos. Continuaremos por <strong>la Medina de Tetu\u00e1n,<\/strong>\u00a0caracter\u00edstica por sus paredes blancas y puertas verdes, es Patrimonio de la Humanidad de la UNESCO y la m\u00e1s peque\u00f1a del pa\u00eds.<\/p>\n<p>&nbsp;<\/p>\n<p>&nbsp;<\/p>\n<p>A medio d\u00eda haremos una parada para almorzar en un <strong>restaurante t\u00edpico marroqu\u00ed<\/strong> donde podr\u00e1s <strong>disfrutar el folklore tradicional<\/strong> mientras pruebas un delicioso Cous Cous acompa\u00f1ado del t\u00edpico The Menta y los pasteles \u00e1rabes.<\/p>\n<p>&nbsp;<\/p>\n<p>Despu\u00e9s del almuerzo pasearemos por la zona comercial de Tetu\u00e1n y <strong>visitaremos algunos establecimientos para realizar compras<\/strong>, adem\u00e1s de visitar la t\u00edpica <strong>Farmacia marroqu\u00ed de los bereber<\/strong>, donde encontrar\u00e1s una gran variedad de productos naturales y\u00a0 cosm\u00e9tica <strong>\u00a1Descubre todos los beneficios de las propiedades del Aceite de Arg\u00e1n!<\/strong><\/p>\n<p>&nbsp;<\/p>\n<p>&nbsp;<\/p>\n<p>A la hora indicada por nuestro gu\u00eda volveremos a reunirnos para el regreso a Ceuta y a las 20:30h embarcaremos a Algeciras para regresar al punto de recogida.<\/p>\n<p>&nbsp;<\/p>\n<p>&nbsp;<\/p>\n<p>Llegada a Algeciras aproximadamente a las 21.30h.<\/p>\n<p>Si quieres saber los imprescindibles que no te puedes perder en tu visita te recomendamos nuestro art\u00edculo <a href=\"https:\/\/visitanddo.com\/blog\/que-ver-en-tetuan\/\" target=\"_blank\" rel=\"noopener\">Imprescindibles que ver en Tetu\u00e1n Marruecos<\/a><\/p>\n<p>&nbsp;<\/p>\n<p>&nbsp;<\/p>\n<h2><span style=\"color: #feaa61;\"><strong>\u00bfPrefieres que te recojamos desde la Costa del Sol? \u00a1No te preocupes!\u00a0<\/strong><\/span><\/h2>\n<p><span data-sheets-value=\"{&quot;1&quot;:2,&quot;2&quot;:&quot;Nos reuniremos con el gu\u00eda en el punto de recogida con salida desde M\u00e1laga, Torremolinos, Benalm\u00e1dena, Fuengirola o Gibraltar, que hayas elegido y s\u00fabete a tu autob\u00fas para iniciar el viaje hacia Marruecos.\\r\\nDurante el recorrido en autob\u00fas disfrutar\u00e1s del trayecto a lo largo de M\u00e1laga y la Costa del Sol mientras nuestro gu\u00eda te contar\u00e1 an\u00e9cdotas y curiosidades de Marruecos. \\r\\n\\r\\nLlegaremos sobre las 9:00h a Algeciras para iniciar la salida en Fast-Ferry durante 45 minutos hacia Ceuta. \u00a1Disfruta del mar atravesando el estrecho!\\r\\nUna vez en Ceuta comenzar\u00e1 la aventura para poner pie en tierras marroqu\u00edes. Ten la documentaci\u00f3n preparada para pasar la frontera, nuestro gu\u00eda se encargar\u00e1 de facilitar este tr\u00e1mite y una vez crucemos iniciar\u00e1 la ruta panor\u00e1mica en autob\u00fas durante 30 minutos mientras disfrutas del paisaje \u00a1Ten preparada la c\u00e1mara para sacar las mejores fotos! durante el recorrido haremos una parada para que saques tu mejor instant\u00e1nea. \\r\\n\\r\\nEstaremos en Tetuan durante 5 horas, una vez aqu\u00ed daremos un agradable paseo donde nuestro gu\u00eda local te ense\u00f1ar\u00e1 las zonas m\u00e1s ic\u00f3nicas de la ciudad marroqu\u00ed, sin perder detalle de la Plaza Hassan II, donde se encuentra el Palacio Real o Palacio del Khalifa, el Museo Arqueol\u00f3gico y el Centro de Arte Moderno. Recorreremos las calles estrechas del antiguo barrio jud\u00edo o Mellah y veremos la sinagoga de Bengualid. \u00a1No pierdas detalla! El zoco de Tetu\u00e1n, un aut\u00e9ntico viaje en el tiempo que te permitir\u00e1 conocer la labor de sus artesano. Continuaremos por la Medina, caracter\u00edstica por sus paredes blancas y puertas verdes, es Patrimonio de la Humanidad de la UNESCO y la m\u00e1s peque\u00f1a del pa\u00eds.\\r\\n\\r\\nA medio d\u00eda haremos una parada para almorzar en un restaurante t\u00edpico marroqu\u00ed donde podr\u00e1s disfrutar el folklore tradicional mientras pruebas un declicioso Cous Cous acompa\u00f1ado del t\u00edpico The Menta y los pasteles \u00e1rabes. \\r\\n\\r\\nA la hora indicada por nuestro gu\u00eda volveremos a reunirnos para el regreso a Ceuta y el embarque a Algeciras para regresar al punto de recogida.\\&quot;\\t\\t\\t\\t\\t&quot;}\" data-sheets-userformat=\"{&quot;2&quot;:1001,&quot;3&quot;:{&quot;1&quot;:0},&quot;6&quot;:{&quot;1&quot;:[{&quot;1&quot;:2,&quot;2&quot;:0,&quot;5&quot;:{&quot;1&quot;:2,&quot;2&quot;:0}},{&quot;1&quot;:0,&quot;2&quot;:0,&quot;3&quot;:3},{&quot;1&quot;:1,&quot;2&quot;:0,&quot;4&quot;:1}]},&quot;8&quot;:{&quot;1&quot;:[{&quot;1&quot;:2,&quot;2&quot;:0,&quot;5&quot;:{&quot;1&quot;:2,&quot;2&quot;:0}},{&quot;1&quot;:0,&quot;2&quot;:0,&quot;3&quot;:3},{&quot;1&quot;:1,&quot;2&quot;:0,&quot;4&quot;:1}]},&quot;9&quot;:0,&quot;10&quot;:1,&quot;11&quot;:4,&quot;12&quot;:0}\">Puedes unirte a nuestro grupo desde diferentes puntos de recogida a lo largo de M\u00e1laga y la Costa del Sol pagando un coste extra por el servicio.\u00a0<\/span><\/p>\n<p><a href=\"https:\/\/visitanddo.com\/product\/excursion-a-marruecos\/\" target=\"_blank\" rel=\"noopener\">Elige la opci\u00f3n de recogida desde Costa del Sol pulsando aqu\u00ed.<\/a><\/p>\n<p>Opci\u00f3n ideal si estas en la zona de M\u00e1laga, Torremolinos, Benalm\u00e1dena, Fuengirola, Marbella o Estepona.<\/p>\n","protected":false},"excerpt":{"rendered":"<p>Visitez un nouveau pays et, en plus, un nouveau continent, l'Afrique ! De la mani\u00e8re la plus facile gr\u00e2ce \u00e0 la distance entre Cadix et le Maroc. D\u00e9couvrez de nouvelles odeurs, de nouvelles saveurs et une culture qui ne vous laissera pas indiff\u00e9rent, r\u00e9servez l'excursion d'un jour au Maroc !<\/p>","protected":false},"featured_media":13668,"comment_status":"open","ping_status":"closed","template":"","meta":{"_acf_changed":false,"_eb_attr":""},"product_brand":[],"product_cat":[249,246],"product_tag":[183,190],"class_list":{"0":"post-13791","1":"product","2":"type-product","3":"status-publish","4":"has-post-thumbnail","6":"product_cat-excursion-con-visita-guiada","7":"product_cat-experiencias-unicas","8":"product_tag-costa-de-la-luz","9":"product_tag-marruecos","11":"first","12":"instock","13":"virtual","14":"sold-individually","15":"purchasable","16":"product-type-turitop"},"acf":[],"_links":{"self":[{"href":"https:\/\/www.visitanddo.com\/fr\/wp-json\/wp\/v2\/product\/13791","targetHints":{"allow":["GET"]}}],"collection":[{"href":"https:\/\/www.visitanddo.com\/fr\/wp-json\/wp\/v2\/product"}],"about":[{"href":"https:\/\/www.visitanddo.com\/fr\/wp-json\/wp\/v2\/types\/product"}],"replies":[{"embeddable":true,"href":"https:\/\/www.visitanddo.com\/fr\/wp-json\/wp\/v2\/comments?post=13791"}],"version-history":[{"count":12,"href":"https:\/\/www.visitanddo.com\/fr\/wp-json\/wp\/v2\/product\/13791\/revisions"}],"predecessor-version":[{"id":13805,"href":"https:\/\/www.visitanddo.com\/fr\/wp-json\/wp\/v2\/product\/13791\/revisions\/13805"}],"wp:featuredmedia":[{"embeddable":true,"href":"https:\/\/www.visitanddo.com\/fr\/wp-json\/wp\/v2\/media\/13668"}],"wp:attachment":[{"href":"https:\/\/www.visitanddo.com\/fr\/wp-json\/wp\/v2\/media?parent=13791"}],"wp:term":[{"taxonomy":"product_brand","embeddable":true,"href":"https:\/\/www.visitanddo.com\/fr\/wp-json\/wp\/v2\/product_brand?post=13791"},{"taxonomy":"product_cat","embeddable":true,"href":"https:\/\/www.visitanddo.com\/fr\/wp-json\/wp\/v2\/product_cat?post=13791"},{"taxonomy":"product_tag","embeddable":true,"href":"https:\/\/www.visitanddo.com\/fr\/wp-json\/wp\/v2\/product_tag?post=13791"}],"curies":[{"name":"wp","href":"https:\/\/api.w.org\/{rel}","templated":true}]}}