{"id":4142,"date":"2022-05-26T17:11:10","date_gmt":"2022-05-26T17:11:10","guid":{"rendered":"https:\/\/www.visitanddo.com\/rx-schedule-email-unsubscribe\/"},"modified":"2022-05-26T17:11:10","modified_gmt":"2022-05-26T17:11:10","slug":"rx-schedule-email-unsubscribe","status":"publish","type":"page","link":"https:\/\/www.visitanddo.com\/fr\/rx-schedule-email-unsubscribe\/","title":{"rendered":"ReviewX Schedule Email Unsubscribe"},"content":{"rendered":"<h1>Vous avez \u00e9t\u00e9 d\u00e9sinscrit.<\/h1>\n<p>Vous avez \u00e9t\u00e9 d\u00e9sinscrit de ces e-mails et nous sommes d\u00e9sol\u00e9s de vous voir partir.<\/p>","protected":false},"excerpt":{"rendered":"<p>Vous avez \u00e9t\u00e9 d\u00e9sinscrit. Vous avez \u00e9t\u00e9 d\u00e9sinscrit de ces emails et nous sommes d\u00e9sol\u00e9s de vous voir partir.<\/p>","protected":false},"author":1,"featured_media":0,"parent":0,"menu_order":0,"comment_status":"closed","ping_status":"closed","template":"rx-schedule-email-unsubscribe-template.php","meta":{"_acf_changed":false,"_eb_attr":"","footnotes":""},"class_list":["post-4142","page","type-page","status-publish","hentry"],"acf":[],"_links":{"self":[{"href":"https:\/\/www.visitanddo.com\/fr\/wp-json\/wp\/v2\/pages\/4142","targetHints":{"allow":["GET"]}}],"collection":[{"href":"https:\/\/www.visitanddo.com\/fr\/wp-json\/wp\/v2\/pages"}],"about":[{"href":"https:\/\/www.visitanddo.com\/fr\/wp-json\/wp\/v2\/types\/page"}],"author":[{"embeddable":true,"href":"https:\/\/www.visitanddo.com\/fr\/wp-json\/wp\/v2\/users\/1"}],"replies":[{"embeddable":true,"href":"https:\/\/www.visitanddo.com\/fr\/wp-json\/wp\/v2\/comments?post=4142"}],"version-history":[{"count":0,"href":"https:\/\/www.visitanddo.com\/fr\/wp-json\/wp\/v2\/pages\/4142\/revisions"}],"wp:attachment":[{"href":"https:\/\/www.visitanddo.com\/fr\/wp-json\/wp\/v2\/media?parent=4142"}],"curies":[{"name":"wp","href":"https:\/\/api.w.org\/{rel}","templated":true}]}}