{"id":7767,"date":"2022-11-21T13:11:11","date_gmt":"2022-11-21T13:11:11","guid":{"rendered":"https:\/\/www.visitanddo.com\/?page_id=7767"},"modified":"2023-03-17T13:16:06","modified_gmt":"2023-03-17T13:16:06","slug":"works-with-us","status":"publish","type":"page","link":"https:\/\/www.visitanddo.com\/en\/works-with-us\/","title":{"rendered":"working with us"},"content":{"rendered":"\t\t<div data-elementor-type=\"wp-page\" data-elementor-id=\"7767\" class=\"elementor elementor-7767\" data-elementor-post-type=\"page\">\n\t\t\t\t\t\t<section data-particle_enable=\"false\" data-particle-mobile-disabled=\"false\" class=\"elementor-section elementor-top-section elementor-element elementor-element-cf2f4b7 elementor-section-boxed elementor-section-height-default elementor-section-height-default\" data-id=\"cf2f4b7\" data-element_type=\"section\" data-e-type=\"section\" data-settings=\"{&quot;background_background&quot;:&quot;classic&quot;}\">\n\t\t\t\t\t\t\t<div class=\"elementor-background-overlay\"><\/div>\n\t\t\t\t\t\t\t<div class=\"elementor-container elementor-column-gap-default\">\n\t\t\t\t\t<div class=\"elementor-column elementor-col-100 elementor-top-column elementor-element elementor-element-18424fad\" data-id=\"18424fad\" data-element_type=\"column\" data-e-type=\"column\">\n\t\t\t<div class=\"elementor-widget-wrap elementor-element-populated\">\n\t\t\t\t\t\t<div class=\"elementor-element elementor-element-479e9d26 elementor-position-block-start elementor-view-default elementor-mobile-position-block-start elementor-widget elementor-widget-icon-box\" data-id=\"479e9d26\" data-element_type=\"widget\" data-e-type=\"widget\" data-widget_type=\"icon-box.default\">\n\t\t\t\t<div class=\"elementor-widget-container\">\n\t\t\t\t\t\t\t<div class=\"elementor-icon-box-wrapper\">\n\n\t\t\t\t\t\t<div class=\"elementor-icon-box-icon\">\n\t\t\t\t<span  class=\"elementor-icon\">\n\t\t\t\t<i aria-hidden=\"true\" class=\"far fa-hand-peace\"><\/i>\t\t\t\t<\/span>\n\t\t\t<\/div>\n\t\t\t\n\t\t\t\t\t\t<div class=\"elementor-icon-box-content\">\n\n\t\t\t\t\t\t\t\t\t<h1 class=\"elementor-icon-box-title\">\n\t\t\t\t\t\t<span  >\n\t\t\t\t\t\t\tTrabaja con nosotros\t\t\t\t\t\t<\/span>\n\t\t\t\t\t<\/h1>\n\t\t\t\t\n\t\t\t\t\n\t\t\t<\/div>\n\t\t\t\n\t\t<\/div>\n\t\t\t\t\t\t<\/div>\n\t\t\t\t<\/div>\n\t\t\t\t<div class=\"elementor-element elementor-element-47f9343 elementor-widget elementor-widget-text-editor\" data-id=\"47f9343\" data-element_type=\"widget\" data-e-type=\"widget\" data-widget_type=\"text-editor.default\">\n\t\t\t\t<div class=\"elementor-widget-container\">\n\t\t\t\t\t\t\t\t\t<p>\u00danete a nuestro equipo gu\u00edas y deja tu huella para mejorar la experiencia de nuestros clientes<\/p>\t\t\t\t\t\t\t\t<\/div>\n\t\t\t\t<\/div>\n\t\t\t\t<div class=\"elementor-element elementor-element-5ea8c7f elementor-align-center elementor-widget elementor-widget-button\" data-id=\"5ea8c7f\" data-element_type=\"widget\" data-e-type=\"widget\" data-widget_type=\"button.default\">\n\t\t\t\t<div class=\"elementor-widget-container\">\n\t\t\t\t\t\t\t\t\t<div class=\"elementor-button-wrapper\">\n\t\t\t\t\t<a class=\"elementor-button elementor-button-link elementor-size-sm\" href=\"#job-form\">\n\t\t\t\t\t\t<span class=\"elementor-button-content-wrapper\">\n\t\t\t\t\t\t\t\t\t<span class=\"elementor-button-text\">Quiero trabajar en Visitanddo.com<\/span>\n\t\t\t\t\t<\/span>\n\t\t\t\t\t<\/a>\n\t\t\t\t<\/div>\n\t\t\t\t\t\t\t\t<\/div>\n\t\t\t\t<\/div>\n\t\t\t\t\t<\/div>\n\t\t<\/div>\n\t\t\t\t\t<\/div>\n\t\t<\/section>\n\t\t\t\t<section data-particle_enable=\"false\" data-particle-mobile-disabled=\"false\" class=\"elementor-section elementor-top-section elementor-element elementor-element-c7075f4 elementor-section-boxed elementor-section-height-default elementor-section-height-default\" data-id=\"c7075f4\" data-element_type=\"section\" data-e-type=\"section\">\n\t\t\t\t\t\t<div class=\"elementor-container elementor-column-gap-default\">\n\t\t\t\t\t<div class=\"elementor-column elementor-col-100 elementor-top-column elementor-element elementor-element-fba2ffa\" data-id=\"fba2ffa\" data-element_type=\"column\" data-e-type=\"column\">\n\t\t\t<div class=\"elementor-widget-wrap elementor-element-populated\">\n\t\t\t\t\t\t<div class=\"elementor-element elementor-element-5082c4d elementor-widget elementor-widget-heading\" data-id=\"5082c4d\" data-element_type=\"widget\" data-e-type=\"widget\" data-widget_type=\"heading.default\">\n\t\t\t\t<div class=\"elementor-widget-container\">\n\t\t\t\t\t<h2 class=\"elementor-heading-title elementor-size-default\">\u00bfQu\u00e9 te ofrecemos en Visitanddo.com?<\/h2>\t\t\t\t<\/div>\n\t\t\t\t<\/div>\n\t\t\t\t<section data-particle_enable=\"false\" data-particle-mobile-disabled=\"false\" class=\"elementor-section elementor-inner-section elementor-element elementor-element-ea62155 elementor-section-boxed elementor-section-height-default elementor-section-height-default\" data-id=\"ea62155\" data-element_type=\"section\" data-e-type=\"section\">\n\t\t\t\t\t\t<div class=\"elementor-container elementor-column-gap-default\">\n\t\t\t\t\t<div class=\"elementor-column elementor-col-25 elementor-inner-column elementor-element elementor-element-ac5b49e\" data-id=\"ac5b49e\" data-element_type=\"column\" data-e-type=\"column\">\n\t\t\t<div class=\"elementor-widget-wrap elementor-element-populated\">\n\t\t\t\t\t\t<div class=\"elementor-element elementor-element-d97fb23 elementor-position-top elementor-widget elementor-widget-image-box\" data-id=\"d97fb23\" data-element_type=\"widget\" data-e-type=\"widget\" data-widget_type=\"image-box.default\">\n\t\t\t\t<div class=\"elementor-widget-container\">\n\t\t\t\t\t<div class=\"elementor-image-box-wrapper\"><figure class=\"elementor-image-box-img\"><img decoding=\"async\" width=\"128\" height=\"128\" src=\"https:\/\/www.visitanddo.com\/wp-content\/uploads\/2022\/11\/calendario-1.png\" class=\"attachment-full size-full wp-image-7772\" alt=\"\" title=\"\" srcset=\"https:\/\/www.visitanddo.com\/wp-content\/uploads\/2022\/11\/calendario-1.png 128w, https:\/\/www.visitanddo.com\/wp-content\/uploads\/2022\/11\/calendario-1-12x12.png 12w, https:\/\/www.visitanddo.com\/wp-content\/uploads\/2022\/11\/calendario-1-100x100.png 100w\" sizes=\"(max-width: 128px) 100vw, 128px\" \/><\/figure><div class=\"elementor-image-box-content\"><h3 class=\"elementor-image-box-title\">Flexibilidad<\/h3><p class=\"elementor-image-box-description\">Nos adaptamos a tu disponibilidad para que compagines tu labor como gu\u00eda acompa\u00f1ante con otros trabajos. <\/p><\/div><\/div>\t\t\t\t<\/div>\n\t\t\t\t<\/div>\n\t\t\t\t\t<\/div>\n\t\t<\/div>\n\t\t\t\t<div class=\"elementor-column elementor-col-25 elementor-inner-column elementor-element elementor-element-3847b54\" data-id=\"3847b54\" data-element_type=\"column\" data-e-type=\"column\">\n\t\t\t<div class=\"elementor-widget-wrap elementor-element-populated\">\n\t\t\t\t\t\t<div class=\"elementor-element elementor-element-d6f0324 elementor-position-top elementor-widget elementor-widget-image-box\" data-id=\"d6f0324\" data-element_type=\"widget\" data-e-type=\"widget\" data-widget_type=\"image-box.default\">\n\t\t\t\t<div class=\"elementor-widget-container\">\n\t\t\t\t\t<div class=\"elementor-image-box-wrapper\"><figure class=\"elementor-image-box-img\"><img decoding=\"async\" width=\"128\" height=\"128\" src=\"https:\/\/www.visitanddo.com\/wp-content\/uploads\/2022\/11\/excursion-2.png\" class=\"attachment-full size-full wp-image-7773\" alt=\"\" title=\"\" srcset=\"https:\/\/www.visitanddo.com\/wp-content\/uploads\/2022\/11\/excursion-2.png 128w, https:\/\/www.visitanddo.com\/wp-content\/uploads\/2022\/11\/excursion-2-12x12.png 12w, https:\/\/www.visitanddo.com\/wp-content\/uploads\/2022\/11\/excursion-2-100x100.png 100w\" sizes=\"(max-width: 128px) 100vw, 128px\" \/><\/figure><div class=\"elementor-image-box-content\"><h3 class=\"elementor-image-box-title\">Excursiones<\/h3><p class=\"elementor-image-box-description\">Te facilitaremos grupos de visitantes interesados en conocer el sur de Espa\u00f1a y Marruecos con salidas desde M\u00e1laga y desde Gibraltar.\n<\/p><\/div><\/div>\t\t\t\t<\/div>\n\t\t\t\t<\/div>\n\t\t\t\t\t<\/div>\n\t\t<\/div>\n\t\t\t\t<div class=\"elementor-column elementor-col-25 elementor-inner-column elementor-element elementor-element-ccd4338\" data-id=\"ccd4338\" data-element_type=\"column\" data-e-type=\"column\">\n\t\t\t<div class=\"elementor-widget-wrap elementor-element-populated\">\n\t\t\t\t\t\t<div class=\"elementor-element elementor-element-023b365 elementor-position-top elementor-widget elementor-widget-image-box\" data-id=\"023b365\" data-element_type=\"widget\" data-e-type=\"widget\" data-widget_type=\"image-box.default\">\n\t\t\t\t<div class=\"elementor-widget-container\">\n\t\t\t\t\t<div class=\"elementor-image-box-wrapper\"><figure class=\"elementor-image-box-img\"><img decoding=\"async\" width=\"128\" height=\"128\" src=\"https:\/\/www.visitanddo.com\/wp-content\/uploads\/2022\/11\/oferta-1.png\" class=\"attachment-full size-full wp-image-7517\" alt=\"\" title=\"\" srcset=\"https:\/\/www.visitanddo.com\/wp-content\/uploads\/2022\/11\/oferta-1.png 128w, https:\/\/www.visitanddo.com\/wp-content\/uploads\/2022\/11\/oferta-1-12x12.png 12w, https:\/\/www.visitanddo.com\/wp-content\/uploads\/2022\/11\/oferta-1-100x100.png 100w\" sizes=\"(max-width: 128px) 100vw, 128px\" \/><\/figure><div class=\"elementor-image-box-content\"><h3 class=\"elementor-image-box-title\">Incentivos<\/h3><p class=\"elementor-image-box-description\">Posibilidad de incrementar tus ingresos recomendando excursiones de Visitanddo.com por upselling y cross-selling.<\/p><\/div><\/div>\t\t\t\t<\/div>\n\t\t\t\t<\/div>\n\t\t\t\t\t<\/div>\n\t\t<\/div>\n\t\t\t\t<div class=\"elementor-column elementor-col-25 elementor-inner-column elementor-element elementor-element-88a72a6\" data-id=\"88a72a6\" data-element_type=\"column\" data-e-type=\"column\">\n\t\t\t<div class=\"elementor-widget-wrap elementor-element-populated\">\n\t\t\t\t\t\t<div class=\"elementor-element elementor-element-20377e9 elementor-position-top elementor-widget elementor-widget-image-box\" data-id=\"20377e9\" data-element_type=\"widget\" data-e-type=\"widget\" data-widget_type=\"image-box.default\">\n\t\t\t\t<div class=\"elementor-widget-container\">\n\t\t\t\t\t<div class=\"elementor-image-box-wrapper\"><figure class=\"elementor-image-box-img\"><img loading=\"lazy\" decoding=\"async\" width=\"128\" height=\"128\" src=\"https:\/\/www.visitanddo.com\/wp-content\/uploads\/2022\/11\/guia-turistico-2.png\" class=\"attachment-full size-full wp-image-7771\" alt=\"\" title=\"\" srcset=\"https:\/\/www.visitanddo.com\/wp-content\/uploads\/2022\/11\/guia-turistico-2.png 128w, https:\/\/www.visitanddo.com\/wp-content\/uploads\/2022\/11\/guia-turistico-2-12x12.png 12w, https:\/\/www.visitanddo.com\/wp-content\/uploads\/2022\/11\/guia-turistico-2-100x100.png 100w\" sizes=\"(max-width: 128px) 100vw, 128px\" \/><\/figure><div class=\"elementor-image-box-content\"><h3 class=\"elementor-image-box-title\">Formaci\u00f3n<\/h3><p class=\"elementor-image-box-description\">Sabemos que cada gu\u00eda tiene su toque m\u00e1gico, te ense\u00f1aremos nuestro m\u00e9todo de trabajo para dejar tu huella con todos.<\/p><\/div><\/div>\t\t\t\t<\/div>\n\t\t\t\t<\/div>\n\t\t\t\t\t<\/div>\n\t\t<\/div>\n\t\t\t\t\t<\/div>\n\t\t<\/section>\n\t\t\t\t\t<\/div>\n\t\t<\/div>\n\t\t\t\t\t<\/div>\n\t\t<\/section>\n\t\t\t\t<section data-particle_enable=\"false\" data-particle-mobile-disabled=\"false\" class=\"elementor-section elementor-top-section elementor-element elementor-element-6700b1d elementor-section-boxed elementor-section-height-default elementor-section-height-default\" data-id=\"6700b1d\" data-element_type=\"section\" data-e-type=\"section\">\n\t\t\t\t\t\t\t<div class=\"elementor-background-overlay\"><\/div>\n\t\t\t\t\t\t\t<div class=\"elementor-container elementor-column-gap-default\">\n\t\t\t\t\t<div class=\"elementor-column elementor-col-100 elementor-top-column elementor-element elementor-element-df34f73\" data-id=\"df34f73\" data-element_type=\"column\" data-e-type=\"column\">\n\t\t\t<div class=\"elementor-widget-wrap elementor-element-populated\">\n\t\t\t\t\t\t<div class=\"elementor-element elementor-element-74f57f9 elementor-widget elementor-widget-heading\" data-id=\"74f57f9\" data-element_type=\"widget\" data-e-type=\"widget\" data-widget_type=\"heading.default\">\n\t\t\t\t<div class=\"elementor-widget-container\">\n\t\t\t\t\t<h2 class=\"elementor-heading-title elementor-size-default\">\u00bfQu\u00e9 necesitamos en Visitanddo.com?<\/h2>\t\t\t\t<\/div>\n\t\t\t\t<\/div>\n\t\t\t\t<div class=\"elementor-element elementor-element-70c53f8 elementor-widget elementor-widget-text-editor\" data-id=\"70c53f8\" data-element_type=\"widget\" data-e-type=\"widget\" data-widget_type=\"text-editor.default\">\n\t\t\t\t<div class=\"elementor-widget-container\">\n\t\t\t\t\t\t\t\t\t<p>Estamos en constante b\u00fasqueda de gu\u00edas acompa\u00f1antes y gu\u00edas locales dispuestos a ense\u00f1ar el sur de Espa\u00f1a y Marruecos a todos nuestros visitantes que se encuentran en M\u00e1laga (Costa del Sol) y el \u00e1rea de Campo de Gibraltar (Gibraltar y La L\u00ednea de la Concepci\u00f3n).<\/p>\t\t\t\t\t\t\t\t<\/div>\n\t\t\t\t<\/div>\n\t\t\t\t<section data-particle_enable=\"false\" data-particle-mobile-disabled=\"false\" class=\"elementor-section elementor-inner-section elementor-element elementor-element-4a5acdc elementor-section-boxed elementor-section-height-default elementor-section-height-default\" data-id=\"4a5acdc\" data-element_type=\"section\" data-e-type=\"section\">\n\t\t\t\t\t\t<div class=\"elementor-container elementor-column-gap-default\">\n\t\t\t\t\t<div class=\"elementor-column elementor-col-50 elementor-inner-column elementor-element elementor-element-5dc3a4a\" data-id=\"5dc3a4a\" data-element_type=\"column\" data-e-type=\"column\" data-settings=\"{&quot;background_background&quot;:&quot;classic&quot;}\">\n\t\t\t<div class=\"elementor-widget-wrap elementor-element-populated\">\n\t\t\t\t\t\t<div class=\"elementor-element elementor-element-dcbf53d elementor-position-top elementor-widget elementor-widget-image-box\" data-id=\"dcbf53d\" data-element_type=\"widget\" data-e-type=\"widget\" data-widget_type=\"image-box.default\">\n\t\t\t\t<div class=\"elementor-widget-container\">\n\t\t\t\t\t<div class=\"elementor-image-box-wrapper\"><figure class=\"elementor-image-box-img\"><img loading=\"lazy\" decoding=\"async\" width=\"128\" height=\"128\" src=\"https:\/\/www.visitanddo.com\/wp-content\/uploads\/2022\/11\/guia-turistico-2.png\" class=\"attachment-full size-full wp-image-7771\" alt=\"\" title=\"\" srcset=\"https:\/\/www.visitanddo.com\/wp-content\/uploads\/2022\/11\/guia-turistico-2.png 128w, https:\/\/www.visitanddo.com\/wp-content\/uploads\/2022\/11\/guia-turistico-2-12x12.png 12w, https:\/\/www.visitanddo.com\/wp-content\/uploads\/2022\/11\/guia-turistico-2-100x100.png 100w\" sizes=\"(max-width: 128px) 100vw, 128px\" \/><\/figure><div class=\"elementor-image-box-content\"><h3 class=\"elementor-image-box-title\">Gu\u00edas acompa\u00f1antes<\/h3><p class=\"elementor-image-box-description\">- <b>Idiomas:<\/b> Espa\u00f1ol e Ingl\u00e9s. Se valorar\u00e1 positivamente el dominio de otros idiomas.<br>\n- <b>Actitud:<\/b> Personas din\u00e1micas, con don de gentes,  resolutivo y con habilidades comunicativas.<br>\n- <b> Flexibilidad horaria:<\/b> nos adaptamos a tu disponibilidad.<br>\n- <b> Residencia en Andaluc\u00eda:<\/b> Preferiblemente, M\u00e1laga y Costa del Sol o \u00e1rea del Campo de Gibraltar y Tarifa.<\/p><\/div><\/div>\t\t\t\t<\/div>\n\t\t\t\t<\/div>\n\t\t\t\t\t<\/div>\n\t\t<\/div>\n\t\t\t\t<div class=\"elementor-column elementor-col-50 elementor-inner-column elementor-element elementor-element-d85d704\" data-id=\"d85d704\" data-element_type=\"column\" data-e-type=\"column\" data-settings=\"{&quot;background_background&quot;:&quot;classic&quot;}\">\n\t\t\t<div class=\"elementor-widget-wrap elementor-element-populated\">\n\t\t\t\t\t\t<div class=\"elementor-element elementor-element-33bf9a0 elementor-position-top elementor-widget elementor-widget-image-box\" data-id=\"33bf9a0\" data-element_type=\"widget\" data-e-type=\"widget\" data-widget_type=\"image-box.default\">\n\t\t\t\t<div class=\"elementor-widget-container\">\n\t\t\t\t\t<div class=\"elementor-image-box-wrapper\"><figure class=\"elementor-image-box-img\"><img loading=\"lazy\" decoding=\"async\" width=\"128\" height=\"128\" src=\"https:\/\/www.visitanddo.com\/wp-content\/uploads\/2022\/11\/guia-turistico-2.png\" class=\"attachment-full size-full wp-image-7771\" alt=\"\" title=\"\" srcset=\"https:\/\/www.visitanddo.com\/wp-content\/uploads\/2022\/11\/guia-turistico-2.png 128w, https:\/\/www.visitanddo.com\/wp-content\/uploads\/2022\/11\/guia-turistico-2-12x12.png 12w, https:\/\/www.visitanddo.com\/wp-content\/uploads\/2022\/11\/guia-turistico-2-100x100.png 100w\" sizes=\"(max-width: 128px) 100vw, 128px\" \/><\/figure><div class=\"elementor-image-box-content\"><h3 class=\"elementor-image-box-title\">Gu\u00edas tur\u00edsticos<\/h3><p class=\"elementor-image-box-description\">- <b>Carnet Oficial:<\/b> posesi\u00f3n de carnet de gu\u00eda oficial<br>\n- <b>Idiomas:<\/b> Espa\u00f1ol e Ingl\u00e9s. Se valorar\u00e1 positivamente el dominio de otros idiomas.<br>\n- <b>Actitud:<\/b> Personas din\u00e1micas, con don de gentes,  resolutivo y con habilidades comunicativas.<br>\n- <b> Flexibilidad horaria:<\/b> nos adaptamos a tu disponibilidad.<br>\n- <b> Residencia en Andaluc\u00eda:<\/b> Preferiblemente, M\u00e1laga y Costa del Sol o \u00e1rea del Campo de Gibraltar y Tarifa.<\/p><\/div><\/div>\t\t\t\t<\/div>\n\t\t\t\t<\/div>\n\t\t\t\t\t<\/div>\n\t\t<\/div>\n\t\t\t\t\t<\/div>\n\t\t<\/section>\n\t\t\t\t<div class=\"elementor-element elementor-element-0fff712 elementor-widget elementor-widget-text-editor\" data-id=\"0fff712\" data-element_type=\"widget\" data-e-type=\"widget\" data-widget_type=\"text-editor.default\">\n\t\t\t\t<div class=\"elementor-widget-container\">\n\t\t\t\t\t\t\t\t\t<p>Los interesados deben de estar dado de alta como Aut\u00f3nomo\/a.<\/p>\t\t\t\t\t\t\t\t<\/div>\n\t\t\t\t<\/div>\n\t\t\t\t\t<\/div>\n\t\t<\/div>\n\t\t\t\t\t<\/div>\n\t\t<\/section>\n\t\t\t\t<section data-particle_enable=\"false\" data-particle-mobile-disabled=\"false\" class=\"elementor-section elementor-top-section elementor-element elementor-element-2c1133a elementor-section-boxed elementor-section-height-default elementor-section-height-default\" data-id=\"2c1133a\" data-element_type=\"section\" data-e-type=\"section\">\n\t\t\t\t\t\t<div class=\"elementor-container elementor-column-gap-default\">\n\t\t\t\t\t<div class=\"elementor-column elementor-col-100 elementor-top-column elementor-element elementor-element-e07a0d4\" data-id=\"e07a0d4\" data-element_type=\"column\" data-e-type=\"column\">\n\t\t\t<div class=\"elementor-widget-wrap elementor-element-populated\">\n\t\t\t\t\t\t<div class=\"elementor-element elementor-element-bad73e2 elementor-widget elementor-widget-heading\" data-id=\"bad73e2\" data-element_type=\"widget\" data-e-type=\"widget\" id=\"job-form\" data-widget_type=\"heading.default\">\n\t\t\t\t<div class=\"elementor-widget-container\">\n\t\t\t\t\t<h3 class=\"elementor-heading-title elementor-size-default\">Env\u00eda tu solicitud para trabajar con nosotros<\/h3>\t\t\t\t<\/div>\n\t\t\t\t<\/div>\n\t\t\t\t<div class=\"elementor-element elementor-element-4553040 elementor-widget elementor-widget-text-editor\" data-id=\"4553040\" data-element_type=\"widget\" data-e-type=\"widget\" data-widget_type=\"text-editor.default\">\n\t\t\t\t<div class=\"elementor-widget-container\">\n\t\t\t\t\t\t\t\t\t<p>Si piensas que puedes encajar en el perfil, env\u00edanos tu curr\u00edculum y nos pondremos en contacto contigo lo antes posible.\u00a0<\/p>\t\t\t\t\t\t\t\t<\/div>\n\t\t\t\t<\/div>\n\t\t\t\t<div class=\"elementor-element elementor-element-fc4b948 elementor-button-align-center elementor-widget elementor-widget-form\" data-id=\"fc4b948\" data-element_type=\"widget\" data-e-type=\"widget\" data-settings=\"{&quot;step_next_label&quot;:&quot;Next&quot;,&quot;step_previous_label&quot;:&quot;Previous&quot;,&quot;button_width&quot;:&quot;100&quot;,&quot;step_type&quot;:&quot;number_text&quot;,&quot;step_icon_shape&quot;:&quot;circle&quot;}\" data-widget_type=\"form.default\">\n\t\t\t\t<div class=\"elementor-widget-container\">\n\t\t\t\t\t\t\t<form class=\"elementor-form\" method=\"post\" name=\"New Form\" aria-label=\"New Form\">\n\t\t\t<input type=\"hidden\" name=\"post_id\" value=\"7767\"\/>\n\t\t\t<input type=\"hidden\" name=\"form_id\" value=\"fc4b948\"\/>\n\t\t\t<input type=\"hidden\" name=\"referer_title\" value=\"trabaja con nosotros - Visitanddo\" \/>\n\n\t\t\t\t\t\t\t<input type=\"hidden\" name=\"queried_id\" value=\"7767\"\/>\n\t\t\t\n\t\t\t<div class=\"elementor-form-fields-wrapper elementor-labels-above\">\n\t\t\t\t\t\t\t\t<div class=\"elementor-field-type-text elementor-field-group elementor-column elementor-field-group-name elementor-col-100 elementor-field-required\">\n\t\t\t\t\t\t\t\t\t\t\t\t<label for=\"form-field-name\" class=\"elementor-field-label\">\n\t\t\t\t\t\t\t\tNombre y Apellidos\t\t\t\t\t\t\t<\/label>\n\t\t\t\t\t\t\t\t\t\t\t\t\t\t<input size=\"1\" type=\"text\" name=\"form_fields[name]\" id=\"form-field-name\" class=\"elementor-field elementor-size-sm  elementor-field-textual\" placeholder=\"Nombre y Apellidos\" required=\"required\">\n\t\t\t\t\t\t\t\t\t\t\t<\/div>\n\t\t\t\t\t\t\t\t<div class=\"elementor-field-type-email elementor-field-group elementor-column elementor-field-group-email elementor-col-50 elementor-field-required\">\n\t\t\t\t\t\t\t\t\t\t\t\t<label for=\"form-field-email\" class=\"elementor-field-label\">\n\t\t\t\t\t\t\t\tEmail\t\t\t\t\t\t\t<\/label>\n\t\t\t\t\t\t\t\t\t\t\t\t\t\t<input size=\"1\" type=\"email\" name=\"form_fields[email]\" id=\"form-field-email\" class=\"elementor-field elementor-size-sm  elementor-field-textual\" placeholder=\"Email\" required=\"required\">\n\t\t\t\t\t\t\t\t\t\t\t<\/div>\n\t\t\t\t\t\t\t\t<div class=\"elementor-field-type-tel elementor-field-group elementor-column elementor-field-group-field_453e3b3 elementor-col-50 elementor-field-required\">\n\t\t\t\t\t\t\t\t\t\t\t\t<label for=\"form-field-field_453e3b3\" class=\"elementor-field-label\">\n\t\t\t\t\t\t\t\tTel\u00e9fono\t\t\t\t\t\t\t<\/label>\n\t\t\t\t\t\t\t\t<input size=\"1\" type=\"tel\" name=\"form_fields[field_453e3b3]\" id=\"form-field-field_453e3b3\" class=\"elementor-field elementor-size-sm  elementor-field-textual\" placeholder=\"Tel\u00e9fono\" required=\"required\" pattern=\"[0-9()#&amp;+*-=.]+\" title=\"Only numbers and phone characters (#, -, *, etc) are accepted.\">\n\n\t\t\t\t\t\t<\/div>\n\t\t\t\t\t\t\t\t<div class=\"elementor-field-type-upload elementor-field-group elementor-column elementor-field-group-field_5cb6d1e elementor-col-100 elementor-field-required\">\n\t\t\t\t\t\t\t\t\t\t\t\t<label for=\"form-field-field_5cb6d1e\" class=\"elementor-field-label\">\n\t\t\t\t\t\t\t\tCurr\u00edculum\t\t\t\t\t\t\t<\/label>\n\t\t\t\t\t\t\t\t<input type=\"file\" name=\"form_fields[field_5cb6d1e]\" id=\"form-field-field_5cb6d1e\" class=\"elementor-field elementor-size-sm  elementor-upload-field\" required=\"required\" data-maxsize=\"1\" data-maxsize-message=\"This file exceeds the maximum allowed size.\">\n\n\t\t\t\t\t\t<\/div>\n\t\t\t\t\t\t\t\t<div class=\"elementor-field-type-textarea elementor-field-group elementor-column elementor-field-group-message elementor-col-100\">\n\t\t\t\t\t\t\t\t\t\t\t\t<label for=\"form-field-message\" class=\"elementor-field-label\">\n\t\t\t\t\t\t\t\tCu\u00e9ntanos sobre ti\t\t\t\t\t\t\t<\/label>\n\t\t\t\t\t\t<textarea class=\"elementor-field-textual elementor-field  elementor-size-sm\" name=\"form_fields[message]\" id=\"form-field-message\" rows=\"4\" placeholder=\"Escribe aqu\u00ed...\"><\/textarea>\t\t\t\t<\/div>\n\t\t\t\t\t\t\t\t<div class=\"elementor-field-type-acceptance elementor-field-group elementor-column elementor-field-group-field_a32663e elementor-col-100 elementor-field-required\">\n\t\t\t\t\t\t\t\t\t\t\t\t<label for=\"form-field-field_a32663e\" class=\"elementor-field-label\">\n\t\t\t\t\t\t\t\tAviso legal\t\t\t\t\t\t\t<\/label>\n\t\t\t\t\t\t\t\t<div class=\"elementor-field-subgroup\">\n\t\t\t<span class=\"elementor-field-option\">\n\t\t\t\t<input type=\"checkbox\" name=\"form_fields[field_a32663e]\" id=\"form-field-field_a32663e\" class=\"elementor-field elementor-size-sm  elementor-acceptance-field\" required=\"required\">\n\t\t\t\t<label for=\"form-field-field_a32663e\">He le\u00eddo y acepto la <a href=\"https:\/\/visitanddo.com\/privacy-policy\/\" target=\"blank\" rel=\"noopener\">pol\u00edtica de protecci\u00f3n de datos<\/a>.<\/label>\t\t\t<\/span>\n\t\t<\/div>\n\t\t\t\t\t\t<\/div>\n\t\t\t\t\t\t\t\t<div class=\"elementor-field-type-recaptcha_v3 elementor-field-group elementor-column elementor-field-group-field_aaae499 elementor-col-100 recaptcha_v3-inline\">\n\t\t\t\t\t<div class=\"elementor-field\" id=\"form-field-field_aaae499\"><div class=\"elementor-g-recaptcha\" data-sitekey=\"6Lf45g0eAAAAANFHCX2xDJaDPFNJT5NHAugiM0IR\" data-type=\"v3\" data-action=\"Form\" data-badge=\"inline\" data-size=\"invisible\"><\/div><\/div>\t\t\t\t<\/div>\n\t\t\t\t\t\t\t\t<div class=\"elementor-field-group elementor-column elementor-field-type-submit elementor-col-100 e-form__buttons\">\n\t\t\t\t\t<button class=\"elementor-button elementor-size-md\" type=\"submit\">\n\t\t\t\t\t\t<span class=\"elementor-button-content-wrapper\">\n\t\t\t\t\t\t\t\t\t\t\t\t\t\t\t\t\t\t\t\t\t\t<span class=\"elementor-button-text\">Enviar<\/span>\n\t\t\t\t\t\t\t\t\t\t\t\t\t<\/span>\n\t\t\t\t\t<\/button>\n\t\t\t\t<\/div>\n\t\t\t<\/div>\n\t\t<\/form>\n\t\t\t\t\t\t<\/div>\n\t\t\t\t<\/div>\n\t\t\t\t\t<\/div>\n\t\t<\/div>\n\t\t\t\t\t<\/div>\n\t\t<\/section>\n\t\t\t\t<\/div>\n\t\t","protected":false},"excerpt":{"rendered":"<p>Trabaja con nosotros \u00danete a nuestro equipo gu\u00edas y deja tu huella para mejorar la experiencia de nuestros clientes Quiero trabajar en Visitanddo.com \u00bfQu\u00e9 te ofrecemos en Visitanddo.com? Flexibilidad Nos adaptamos a tu disponibilidad para que compagines tu labor como gu\u00eda acompa\u00f1ante con otros trabajos. Excursiones Te facilitaremos grupos de visitantes interesados en conocer el [&hellip;]<\/p>\n","protected":false},"author":14,"featured_media":0,"parent":0,"menu_order":0,"comment_status":"closed","ping_status":"closed","template":"","meta":{"_acf_changed":false,"_eb_attr":"","footnotes":""},"class_list":["post-7767","page","type-page","status-publish","hentry"],"acf":[],"_links":{"self":[{"href":"https:\/\/www.visitanddo.com\/en\/wp-json\/wp\/v2\/pages\/7767","targetHints":{"allow":["GET"]}}],"collection":[{"href":"https:\/\/www.visitanddo.com\/en\/wp-json\/wp\/v2\/pages"}],"about":[{"href":"https:\/\/www.visitanddo.com\/en\/wp-json\/wp\/v2\/types\/page"}],"author":[{"embeddable":true,"href":"https:\/\/www.visitanddo.com\/en\/wp-json\/wp\/v2\/users\/14"}],"replies":[{"embeddable":true,"href":"https:\/\/www.visitanddo.com\/en\/wp-json\/wp\/v2\/comments?post=7767"}],"version-history":[{"count":13,"href":"https:\/\/www.visitanddo.com\/en\/wp-json\/wp\/v2\/pages\/7767\/revisions"}],"predecessor-version":[{"id":9356,"href":"https:\/\/www.visitanddo.com\/en\/wp-json\/wp\/v2\/pages\/7767\/revisions\/9356"}],"wp:attachment":[{"href":"https:\/\/www.visitanddo.com\/en\/wp-json\/wp\/v2\/media?parent=7767"}],"curies":[{"name":"wp","href":"https:\/\/api.w.org\/{rel}","templated":true}]}}