{"id":8488,"date":"2023-02-07T14:39:02","date_gmt":"2023-02-07T14:39:02","guid":{"rendered":"https:\/\/www.visitanddo.com\/product\/excursion-a-cordoba-a-tu-aire-desde-malaga-y-desde-costa-del-sol\/"},"modified":"2026-03-04T15:08:40","modified_gmt":"2026-03-04T15:08:40","slug":"besuch-cordoba-von-malaga","status":"publish","type":"product","link":"https:\/\/www.visitanddo.com\/de\/produkt\/besuch-cordoba-von-malaga\/","title":{"rendered":"Ausflug nach C\u00f3rdoba in Ihrem eigenen Tempo von Malaga und von der Costa del Sol aus"},"content":{"rendered":"<p>Wir holen Sie mit dem Bus und unserem Reiseleiter zur gew\u00fcnschten Zeit und am gew\u00fcnschten Ort ab, um die Tour zu beginnen. <strong>Ausflug zur Besichtigung von C\u00f3rdoba auf eigene Faust ab M\u00e1laga<\/strong>.<\/p>\n<p>W\u00e4hrend der Bustour genie\u00dfen Sie die Fahrt entlang M\u00e1laga und der Costa del Sol, w\u00e4hrend unser Reiseleiter Ihnen Folgendes erz\u00e4hlt <strong>Anekdoten und Kuriosit\u00e4ten der Stadt Cordoba<\/strong>4 Mal zum UNESCO-Weltkulturerbe ernannt.<\/p>\n<p>Einmal in Cordoba <strong>Sie haben 5 Stunden Zeit, um die wichtigsten Sehensw\u00fcrdigkeiten von C\u00f3rdoba in Ihrem eigenen Tempo zu besichtigen.<\/strong>. Lassen Sie sich von den ber\u00fchmtesten Orten der<strong> das j\u00fcdische Viertel<\/strong>die <strong>Calleja de las Flores<\/strong>. Machen Sie ein Foto von sich auf der schmalsten Stra\u00dfe der Stadt, <strong>Taschentuch-Gasse<\/strong>Besuchen Sie das Innere des <strong>Synagoge von Cordoba<\/strong>Die einzige Synagoge, die in Andalusien nach der Vertreibung der Juden im Jahr 1492 erhalten geblieben ist.<\/p>\n<p>Genie\u00dfen Sie den Duft der Orangenbl\u00fcten vor dem ber\u00fchmtesten Denkmal C\u00f3rdobas, <strong>der Patio de los Naranjos in der Moschee-Kathedrale von Cordoba<\/strong>.<\/p>\n<p>Neben dem Kennenlernen der <strong>Alcazar der christlichen K\u00f6nige<\/strong>, <strong>die Plaza de la Corredera<\/strong>durch die <strong>R\u00f6mische Br\u00fccke<\/strong>Die Stadt ist bekannt als Schauplatz der ber\u00fchmten Serie Game of Thrones. Genie\u00dfen Sie die herrliche Aussicht von der anderen Seite des Guadalquivir, <strong>Besuch des Calahorra-Turms<\/strong> oder <strong>siehe die andalusischen Innenh\u00f6fe im Viertel San Basilio<\/strong> und probieren Sie die typische Gastronomie von C\u00f3rdoba, wie Flamenquines oder Salmorejo Andaluz.<\/p>\n<p>Zu der von unserem Reiseleiter angegebenen Zeit treffen wir uns f\u00fcr die R\u00fcckfahrt an dem Ort, an dem wir Sie abgeholt haben.<\/p>\n<h2><span style=\"color: #feaa61;\"><strong>Option: Gef\u00fchrte Besichtigung in Cordoba und Eintrittskarten f\u00fcr die Moschee-Kathedrale<\/strong><\/span><\/h2>\n<p>Wenn Sie es vorziehen, Ihren Besuch zu vervollst\u00e4ndigen, z\u00f6gern Sie nicht, das <a href=\"https:\/\/visitanddo.com\/product\/excursion-cordoba-desde-malaga\/\" target=\"_blank\" rel=\"noopener\">Ausflug nach Cordoba mit F\u00fchrung und Eintrittskarten f\u00fcr die Moschee-Kathedrale <\/a>oder, w\u00e4hrend der Sommermonate, zur Durchf\u00fchrung der <a href=\"https:\/\/visitanddo.com\/product\/visita-nocturna-mezquita-cordoba\/\" target=\"_blank\" rel=\"noopener\">Nachtbesuch Moschee-Kathedrale von Cordoba<\/a><\/p>","protected":false},"excerpt":{"rendered":"<p>Genie\u00dfen Sie einen Tagesausflug nach C\u00f3rdoba von M\u00e1laga aus in Ihrem eigenen Tempo. Schlendern Sie durch die engen Gassen, die andalusischen Innenh\u00f6fe oder das j\u00fcdische Viertel. 5 Stunden zur freien Verf\u00fcgung, um die Stadt C\u00f3rdoba zu besichtigen, wo Sie das Tempo bestimmen, buchen Sie Ihren Platz!<\/p>","protected":false},"featured_media":5678,"comment_status":"open","ping_status":"closed","template":"","meta":{"_acf_changed":false,"_eb_attr":""},"product_brand":[],"product_cat":[248],"product_tag":[215,203,176],"class_list":{"0":"post-8488","1":"product","2":"type-product","3":"status-publish","4":"has-post-thumbnail","6":"product_cat-excursion-sin-entradas","7":"product_tag-blackfriday","8":"product_tag-cordoba","9":"product_tag-costa-del-sol","11":"first","12":"instock","13":"virtual","14":"sold-individually","15":"purchasable","16":"product-type-turitop"},"acf":[],"_links":{"self":[{"href":"https:\/\/www.visitanddo.com\/de\/wp-json\/wp\/v2\/product\/8488","targetHints":{"allow":["GET"]}}],"collection":[{"href":"https:\/\/www.visitanddo.com\/de\/wp-json\/wp\/v2\/product"}],"about":[{"href":"https:\/\/www.visitanddo.com\/de\/wp-json\/wp\/v2\/types\/product"}],"replies":[{"embeddable":true,"href":"https:\/\/www.visitanddo.com\/de\/wp-json\/wp\/v2\/comments?post=8488"}],"version-history":[{"count":24,"href":"https:\/\/www.visitanddo.com\/de\/wp-json\/wp\/v2\/product\/8488\/revisions"}],"predecessor-version":[{"id":43357,"href":"https:\/\/www.visitanddo.com\/de\/wp-json\/wp\/v2\/product\/8488\/revisions\/43357"}],"wp:featuredmedia":[{"embeddable":true,"href":"https:\/\/www.visitanddo.com\/de\/wp-json\/wp\/v2\/media\/5678"}],"wp:attachment":[{"href":"https:\/\/www.visitanddo.com\/de\/wp-json\/wp\/v2\/media?parent=8488"}],"wp:term":[{"taxonomy":"product_brand","embeddable":true,"href":"https:\/\/www.visitanddo.com\/de\/wp-json\/wp\/v2\/product_brand?post=8488"},{"taxonomy":"product_cat","embeddable":true,"href":"https:\/\/www.visitanddo.com\/de\/wp-json\/wp\/v2\/product_cat?post=8488"},{"taxonomy":"product_tag","embeddable":true,"href":"https:\/\/www.visitanddo.com\/de\/wp-json\/wp\/v2\/product_tag?post=8488"}],"curies":[{"name":"wp","href":"https:\/\/api.w.org\/{rel}","templated":true}]}}