{"id":7870,"date":"2022-11-30T14:44:46","date_gmt":"2022-11-30T14:44:46","guid":{"rendered":"https:\/\/www.visitanddo.com\/product\/excursion-a-sevilla-con-visita-al-real-alcazar-desde-malaga-y-desde-costa-del-sol\/"},"modified":"2025-05-29T09:00:55","modified_gmt":"2025-05-29T09:00:55","slug":"ausflug-nach-seville-mit-besuch-des-real-alcazar-von-malaga-und-von-costa-del-sol","status":"publish","type":"product","link":"https:\/\/www.visitanddo.com\/de\/produkt\/ausflug-nach-seville-mit-besuch-des-real-alcazar-von-malaga-und-von-costa-del-sol\/","title":{"rendered":"Ausflug nach Sevilla mit Besichtigung des Real Alc\u00e1zar von Malaga und von der Costa del Sol aus"},"content":{"rendered":"<p>Wir werden Sie an dem von Ihnen gew\u00e4hlten Treffpunkt abholen, um unsere Reise zu beginnen. <strong>Ausflug nach Sevilla mit Besichtigung des Real Alcazar <\/strong><strong>\u00a0aus Malaga und der Costa del Sol<\/strong>. Sevilla ist ca. 210 km von M\u00e1laga entfernt und die Fahrzeit betr\u00e4gt ca. 3 Stunden.<\/p>\n<p>W\u00e4hrend der Tour machen wir einen kurzen Halt, um zu fr\u00fchst\u00fccken und die Toiletten zu benutzen, bevor wir unsere Reise nach Sevilla fortsetzen. Machen Sie sich bereit, in die Geschichte, die Kultur und den Charme dieser Stadt einzutauchen!<\/p>\n<p data-start=\"549\" data-end=\"1017\">Bei der Ankunft in Sevilla gegen 11:00 Uhr, <strong>Genie\u00dfen Sie eine Panoramatour mit dem Bus<\/strong>von wo aus Sie emblematische Orte bewundern k\u00f6nnen, wie zum Beispiel <strong>den Paseo de Col\u00f3n, den Fluss Guadalquivir und die Avenida de las Palmeras<\/strong>. Im Hintergrund sind zu sehen <strong>Maria Luisa Park<\/strong>wo Sie in Ihrer Freizeit Folgendes besuchen k\u00f6nnen<strong> die ber\u00fchmte Plaza de Espa\u00f1a<\/strong>Ein architektonisches Juwel, in dem jede autonome Gemeinschaft vertreten ist, ein perfekter Ort, um unvergessliche Fotos zu machen!<\/p>\n<p data-start=\"1019\" data-end=\"1327\">Wir werden unsere Route entlang der <strong>die Murillo-G\u00e4rten<\/strong> bis zum historischen Stadtzentrum, genauer gesagt bis zum <strong>die Puerta de Jerez<\/strong>. Dieser Punkt, einer der repr\u00e4sentativsten historischen Zug\u00e4nge zu Sevilla, befindet sich im Zentrum der Stadt, ganz in der N\u00e4he von herausragenden Monumenten wie <strong>der Torre del Oro<\/strong>.<\/p>\n<p data-start=\"1329\" data-end=\"1496\">Von der Puerta de Jerez aus wird die Gruppe je nach gew\u00e4hlter Modalit\u00e4t aufgeteilt, mit dieser Option <strong>wir bieten Ihnen an, Sevilla an einem Tag mit einem Besuch des Real Alc\u00e1zar zu entdecken<\/strong>:<\/p>\n<h2><span style=\"color: #feaa61;\"><strong>Option: Besuch des Real Alc\u00e1zar von Sevilla<\/strong><\/span><\/h2>\n<p data-start=\"61\" data-end=\"631\">Zu Beginn haben Sie etwas Zeit, um durch die engen und charmanten Gassen der Stadt zu schlendern. <strong>Viertel Santa Cruz<\/strong>Ein Ort voller Geschichte, Legenden und Geheimnisse. Wir werden \u00fcber die Plaza de Do\u00f1a Elvira und die Plaza de Santa Cruz schlendern, die von Orangenb\u00e4umen umgeben sind und ein authentisches andalusisches Flair vermitteln. Wir werden die blumengeschm\u00fcckten Innenh\u00f6fe, die malerische Callej\u00f3n del Agua an der Mauer des Alcazar und die ikonische Statue von Don Juan Tenorio auf der Plaza de los Refinadores bewundern. Dieses Viertel mit seiner einzigartigen Atmosph\u00e4re ist eine der sch\u00f6nsten Ecken Sevillas.<\/p>\n<p data-start=\"633\" data-end=\"953\">Die Fahrt endet am<strong> der Place du Triomphe<\/strong>wo der Fremdenf\u00fchrer erkl\u00e4rt, wie man zum Tagungsb\u00fcro gelangt, um die Besichtigung der beeindruckenden Anlage fortzusetzen <strong>K\u00f6niglicher Alcazar von Sevilla<\/strong>. Die Besichtigung soll um 13:30 Uhr beginnen, so dass Sie etwa 45 Minuten Zeit f\u00fcr einen Imbiss haben.<\/p>\n<p data-start=\"955\" data-end=\"1653\">Wenn es soweit ist, treffen wir uns wieder, um eine etwa 90-min\u00fctige Tour zu beginnen. Bevor wir den Real Alc\u00e1zar betreten, gehen wir durch Stra\u00dfen mit traditionellen Fassaden und typischen Gesch\u00e4ften und genie\u00dfen die <strong>Seitenansicht der Sagrario-Kirche <\/strong>zusammen mit dem beeindruckenden <strong>Kathedrale von Sevilla, <\/strong>die drittgr\u00f6\u00dfte Kathedrale der Welt (gemessen an der Fl\u00e4che)<strong>,<\/strong> und die lebendige Atmosph\u00e4re von Sevilla. Ankunft an der Plaza del Triunfo, <strong>werden wir die imposante Giralda bestaunen<\/strong> bevor Sie mit einem fachkundigen F\u00fchrer den Real Alc\u00e1zar betreten. Dieser Palastkomplex, einer der \u00e4ltesten in Europa, der noch in Betrieb ist, beherbergte schon viele Monarchen und geh\u00f6rt zum UNESCO-Weltkulturerbe. Au\u00dferdem diente die beeindruckende Kulisse als <strong>Filmkulisse f\u00fcr die ber\u00fchmte Serie <em data-start=\"1633\" data-end=\"1650\">Spiel der Throne<\/em><\/strong>.<\/p>\n<p data-start=\"1655\" data-end=\"2115\">W\u00e4hrend des Besuchs werden wir die majest\u00e4tischen S\u00e4le und H\u00f6fe erkunden, die verschiedene architektonische Stile widerspiegeln, von islamischer Kunst bis hin zu Renaissance und Barock. Wir werden erstaunt sein \u00fcber die beeindruckenden <strong>Hof der Jungfrauen und der Saal der Botschafter<\/strong>mit komplizierten Kacheln und eleganten Arabesken verziert. Wir werden auch durch die \u00fcppigen G\u00e4rten schlendern, wo Springbrunnen und Wege eine Oase der Ruhe im Herzen der Stadt schaffen.<\/p>\n<p>Ab ca. 15:00 Uhr k\u00f6nnen Sie die folgenden Angebote nutzen <strong>Zeit zur freien Verf\u00fcgung, um Sevilla nach Belieben zu besichtigen<\/strong> und seine Gastronomie genie\u00dfen.<\/p>\n<p>Die freie Zeit h\u00e4ngt von der Uhrzeit ab, zu der Sie das Denkmal betreten.<\/p>\n<p>&nbsp;<\/p>\n<hr \/>\n<p>Zur von unserem Reisef\u00fchrer angegebenen Zeit, gegen 16:00 Uhr, treffen wir uns wieder mit der gesamten Gruppe im <strong>Puerta de Jerez <\/strong>und wir gehen zum Bus, der uns zur\u00fcck nach Malaga bringen wird. Bei der Ankunft setzen wir Sie an den Ausgangspunkten ab, an denen der Ausflug begann.<\/p>","protected":false},"excerpt":{"rendered":"<p>Entdecken Sie die Hauptstadt Andalusiens an einem ganzen Tag mit Panoramablick auf die Stadt Sevilla, einem Spaziergang durch die emblematischsten Stra\u00dfen mit einer F\u00fchrung durch das Barrio de Santa Cruz und dem Besuch des Real Alc\u00e1zar von Sevilla. Buchen Sie Ihren Platz!<\/p>","protected":false},"featured_media":6961,"comment_status":"open","ping_status":"closed","template":"","meta":{"_acf_changed":false,"_eb_attr":""},"product_brand":[],"product_cat":[247,249],"product_tag":[215,176,253],"class_list":{"0":"post-7870","1":"product","2":"type-product","3":"status-publish","4":"has-post-thumbnail","6":"product_cat-excursion-con-entradas","7":"product_cat-excursion-con-visita-guiada","8":"product_tag-blackfriday","9":"product_tag-costa-del-sol","10":"product_tag-sevilla","12":"first","13":"instock","14":"virtual","15":"sold-individually","16":"purchasable","17":"product-type-turitop"},"acf":[],"_links":{"self":[{"href":"https:\/\/www.visitanddo.com\/de\/wp-json\/wp\/v2\/product\/7870","targetHints":{"allow":["GET"]}}],"collection":[{"href":"https:\/\/www.visitanddo.com\/de\/wp-json\/wp\/v2\/product"}],"about":[{"href":"https:\/\/www.visitanddo.com\/de\/wp-json\/wp\/v2\/types\/product"}],"replies":[{"embeddable":true,"href":"https:\/\/www.visitanddo.com\/de\/wp-json\/wp\/v2\/comments?post=7870"}],"version-history":[{"count":24,"href":"https:\/\/www.visitanddo.com\/de\/wp-json\/wp\/v2\/product\/7870\/revisions"}],"predecessor-version":[{"id":23613,"href":"https:\/\/www.visitanddo.com\/de\/wp-json\/wp\/v2\/product\/7870\/revisions\/23613"}],"wp:featuredmedia":[{"embeddable":true,"href":"https:\/\/www.visitanddo.com\/de\/wp-json\/wp\/v2\/media\/6961"}],"wp:attachment":[{"href":"https:\/\/www.visitanddo.com\/de\/wp-json\/wp\/v2\/media?parent=7870"}],"wp:term":[{"taxonomy":"product_brand","embeddable":true,"href":"https:\/\/www.visitanddo.com\/de\/wp-json\/wp\/v2\/product_brand?post=7870"},{"taxonomy":"product_cat","embeddable":true,"href":"https:\/\/www.visitanddo.com\/de\/wp-json\/wp\/v2\/product_cat?post=7870"},{"taxonomy":"product_tag","embeddable":true,"href":"https:\/\/www.visitanddo.com\/de\/wp-json\/wp\/v2\/product_tag?post=7870"}],"curies":[{"name":"wp","href":"https:\/\/api.w.org\/{rel}","templated":true}]}}