{"id":5465,"date":"2022-07-15T08:12:21","date_gmt":"2022-07-15T08:12:21","guid":{"rendered":"https:\/\/www.visitanddo.com\/product\/visita-nocturna-mezquita-catedral-de-cordoba-desde-malaga-y-desde-costa-del-sol\/"},"modified":"2024-02-05T09:00:25","modified_gmt":"2024-02-05T09:00:25","slug":"nacht-besuch-mezquita-cordoba","status":"publish","type":"product","link":"https:\/\/www.visitanddo.com\/de\/produkt\/nacht-besuch-mezquita-cordoba\/","title":{"rendered":"N\u00e4chtliche Besichtigung der Moschee-Kathedrale von C\u00f3rdoba von M\u00e1laga aus in einer Privatkabine"},"content":{"rendered":"<p>Wir holen Sie mit dem Bus und unserem Reiseleiter zur gew\u00fcnschten Zeit und am gew\u00fcnschten Ort ab, um die Tour zu beginnen.<strong> n\u00e4chtlicher Besuch der Moschee-Kathedrale von Cordoba.<\/strong><\/p>\n<p>W\u00e4hrend der Bustour werden Sie die Fahrt entlang M\u00e1laga und der Costa del Sol genie\u00dfen, w\u00e4hrend unser Reiseleiter Ihnen Anekdoten und Kuriosit\u00e4ten der Stadt erz\u00e4hlt. <strong>die Stadt der drei Kulturen, C\u00f3rdoba.<\/strong><\/p>\n<p>Dieser Ausflug nach C\u00f3rdoba ist die einfachste und bequemste Art, die wichtigsten Sehensw\u00fcrdigkeiten der Stadt bei Sonnenuntergang zu besichtigen und die wichtigsten Sehensw\u00fcrdigkeiten der Stadt zu sehen. <strong>genie\u00dfen Sie die einzigartige Show \"Die Seele von C\u00f3rdoba\".<\/strong> w\u00e4hrend der N\u00e4chte der Sommermonate in einem der repr\u00e4sentativsten Bauwerke, der Moschee-Kathedrale von C\u00f3rdoba.<\/p>\n<p>Zusammen mit unserem F\u00fchrer machen wir einen einst\u00fcndigen Spaziergang durch eines der typischsten Viertel, <strong>das j\u00fcdische Viertel von Cordoba<\/strong>. Wir werden die ber\u00fchmteste Ecke des j\u00fcdischen Viertels besuchen, <strong>die Calleja de las Flores.<\/strong> Die schmalste Stra\u00dfe der Stadt, <strong>Taschentuch-Gasse<\/strong>, <strong>die Synagoge von Cordoba<\/strong>Dies ist die einzige Synagoge, die nach der Vertreibung der Juden im Jahr 1492 in Andalusien erhalten geblieben ist. Weiter geht es zu einem der wichtigsten Pl\u00e4tze des j\u00fcdischen Viertels, <strong>Maimonides-Platz<\/strong>mit dem charakteristischen Maimonides-Denkmal zu Ehren dieses ber\u00fchmten j\u00fcdischen Philosophen und Arztes aus Cordoba.<\/p>\n<p>Nach dieser angenehmen ersten Tour erreichen wir <strong>au\u00dferhalb des Denkmals im Patio de los Naranjos<\/strong> eine Stunde lang die \"Seele C\u00f3rdobas\" kennenzulernen, wo Sie in den Genuss eines <strong>Projektion auf die Geschichte des Geb\u00e4udes und der Stadt<\/strong> Es wird Ihnen nicht gleichg\u00fcltig sein, eines der wichtigsten Monumente der Stadt zu betrachten, das von der Unesco zum Weltkulturerbe erkl\u00e4rt wurde, <strong>Die Moschee-Kathedrale von Cordoba.<\/strong><\/p>\n<p>Genie\u00dfen Sie dieses einzigartige Erlebnis in den Sommern\u00e4chten, <strong>ein Spektakel der Bilder<\/strong> die Sie in den charakteristischsten Ecken dieses Monuments in Begleitung von <strong>Lichter und Kl\u00e4nge<\/strong> um das Denkmal von seiner kunsthistorischen Seite bis hin zu seiner religi\u00f6sen Bedeutung kennen zu lernen. <strong>Eine exklusive M\u00f6glichkeit, die Moschee-Kathedrale von C\u00f3rdoba bei Nacht zu besichtigen, bei der Sie das Monument besichtigen und seine wichtigsten Merkmale kennen lernen. <\/strong><\/p>\n<p>Nach diesem unglaublichen Erlebnis, das Sie mit offenem Mund zur\u00fcckl\u00e4sst, weil Sie C\u00f3rdoba bei Nacht genossen haben, treffen wir uns f\u00fcr die R\u00fcckfahrt zum selben Ort, an dem wir abgeholt wurden.<\/p>\n<h2><span style=\"color: #feaa61;\"><strong>Option: Ausflug nach Cordoba und Eintrittskarten f\u00fcr die Moschee-Kathedrale\u00a0<\/strong><\/span><\/h2>\n<p>Wenn Sie es vorziehen, die Stadt tags\u00fcber zu besuchen, k\u00f6nnen Sie das ganze Jahr \u00fcber mit dem <a href=\"https:\/\/visitanddo.com\/product\/excursion-cordoba-desde-malaga\/\" target=\"_blank\" rel=\"noopener\">Ausflug nach Cordoba und Eintrittskarten f\u00fcr die Moschee-Kathedrale<\/a><\/p>","protected":false},"excerpt":{"rendered":"<p>Diese Tour bringt Ihnen die \"Seele C\u00f3rdobas\" n\u00e4her, ein magischer Spaziergang durch die Altstadt und das j\u00fcdische Viertel w\u00e4hrend der Sommermonate und eine einzigartige Show am Abend in einem der repr\u00e4sentativsten Monumente, der Moschee-Kathedrale von C\u00f3rdoba. Buchen Sie Ihren Platz!<\/p>","protected":false},"featured_media":5497,"comment_status":"open","ping_status":"closed","template":"","meta":{"_acf_changed":false,"_eb_attr":""},"product_brand":[],"product_cat":[220,246],"product_tag":[203,176],"class_list":{"0":"post-5465","1":"product","2":"type-product","3":"status-publish","4":"has-post-thumbnail","6":"product_cat-excursion-privada","7":"product_cat-experiencias-unicas","8":"product_tag-cordoba","9":"product_tag-costa-del-sol","11":"first","12":"instock","13":"virtual","14":"sold-individually","15":"purchasable","16":"product-type-turitop"},"acf":[],"_links":{"self":[{"href":"https:\/\/www.visitanddo.com\/de\/wp-json\/wp\/v2\/product\/5465","targetHints":{"allow":["GET"]}}],"collection":[{"href":"https:\/\/www.visitanddo.com\/de\/wp-json\/wp\/v2\/product"}],"about":[{"href":"https:\/\/www.visitanddo.com\/de\/wp-json\/wp\/v2\/types\/product"}],"replies":[{"embeddable":true,"href":"https:\/\/www.visitanddo.com\/de\/wp-json\/wp\/v2\/comments?post=5465"}],"version-history":[{"count":26,"href":"https:\/\/www.visitanddo.com\/de\/wp-json\/wp\/v2\/product\/5465\/revisions"}],"predecessor-version":[{"id":14938,"href":"https:\/\/www.visitanddo.com\/de\/wp-json\/wp\/v2\/product\/5465\/revisions\/14938"}],"wp:featuredmedia":[{"embeddable":true,"href":"https:\/\/www.visitanddo.com\/de\/wp-json\/wp\/v2\/media\/5497"}],"wp:attachment":[{"href":"https:\/\/www.visitanddo.com\/de\/wp-json\/wp\/v2\/media?parent=5465"}],"wp:term":[{"taxonomy":"product_brand","embeddable":true,"href":"https:\/\/www.visitanddo.com\/de\/wp-json\/wp\/v2\/product_brand?post=5465"},{"taxonomy":"product_cat","embeddable":true,"href":"https:\/\/www.visitanddo.com\/de\/wp-json\/wp\/v2\/product_cat?post=5465"},{"taxonomy":"product_tag","embeddable":true,"href":"https:\/\/www.visitanddo.com\/de\/wp-json\/wp\/v2\/product_tag?post=5465"}],"curies":[{"name":"wp","href":"https:\/\/api.w.org\/{rel}","templated":true}]}}