{"id":20231,"date":"2024-11-06T10:10:30","date_gmt":"2024-11-06T10:10:30","guid":{"rendered":"https:\/\/www.visitanddo.com\/product\/excursion-a-sevilla-con-visita-y-entradas-a-la-catedral-y-la-giralda-desde-malaga\/"},"modified":"2025-06-16T09:26:28","modified_gmt":"2025-06-16T09:26:28","slug":"ausflug-nach-sevilla-mit-besichtigung-und-tickets-fur-die-kathedrale-und-die-giralda-ab-malaga","status":"publish","type":"product","link":"https:\/\/www.visitanddo.com\/de\/produkt\/ausflug-nach-sevilla-mit-besichtigung-und-tickets-fur-die-kathedrale-und-die-giralda-ab-malaga\/","title":{"rendered":"Ausflug nach Sevilla mit Besuch und Eintrittskarten f\u00fcr die Kathedrale und La Giralda ab M\u00e1laga"},"content":{"rendered":"<p>Wir werden Sie an dem von Ihnen gew\u00e4hlten Treffpunkt abholen, um unsere Reise zu beginnen. <strong>Ausflug nach Sevilla mit Besichtigung der Kathedrale und der Giralda <\/strong><strong>aus Malaga und der Costa del Sol<\/strong>. Sevilla ist ca. 210 km von M\u00e1laga entfernt und die Fahrzeit betr\u00e4gt ca. 3 Stunden.<\/p>\n<p>W\u00e4hrend der Tour machen wir einen kurzen Halt, um zu fr\u00fchst\u00fccken und die Toiletten zu benutzen, bevor wir unsere Reise nach Sevilla fortsetzen. Machen Sie sich bereit, in die Geschichte, die Kultur und den Charme dieser Stadt einzutauchen!<\/p>\n<p data-start=\"549\" data-end=\"1017\">Bei der Ankunft in Sevilla gegen 11:00 Uhr, <strong>Genie\u00dfen Sie eine Panoramatour mit dem Bus<\/strong>von wo aus Sie emblematische Orte bewundern k\u00f6nnen, wie zum Beispiel <strong>den Paseo de Col\u00f3n, den Fluss Guadalquivir und die Avenida de las Palmeras<\/strong>. Im Hintergrund sind zu sehen <strong>Maria Luisa Park<\/strong>wo Sie in Ihrer Freizeit Folgendes besuchen k\u00f6nnen<strong> die ber\u00fchmte Plaza de Espa\u00f1a<\/strong>Ein architektonisches Juwel, in dem jede autonome Gemeinschaft vertreten ist, ein perfekter Ort, um unvergessliche Fotos zu machen!<\/p>\n<p data-start=\"1019\" data-end=\"1327\">Wir werden unsere Route entlang der <strong>die Murillo-G\u00e4rten<\/strong> bis zum historischen Stadtzentrum, genauer gesagt bis zum <strong>die Puerta de Jerez<\/strong>. Dieser Punkt, einer der repr\u00e4sentativsten historischen Zug\u00e4nge zu Sevilla, befindet sich im Zentrum der Stadt, ganz in der N\u00e4he von herausragenden Monumenten wie <strong>der Torre del Oro<\/strong>.<\/p>\n<p data-start=\"1329\" data-end=\"1496\">Von der Puerta de Jerez aus wird die Gruppe je nach gew\u00e4hlter Modalit\u00e4t aufgeteilt, mit dieser Option <strong>Wir bieten Ihnen an, Sevilla mit einem Besuch der Kathedrale und der Giralda an einem Tag zu entdecken<\/strong>:<\/p>\n<h2><span style=\"color: #feaa61;\"><strong>Option: Besuch der Kathedrale und der Giralda von Sevilla<\/strong><\/span><\/h2>\n<p>Zu Beginn haben Sie etwas Zeit, um durch die engen und malerischen Gassen der Stadt zu schlendern. <strong>Viertel Santa Cruz<\/strong>ein Ort voller Geschichte, Legenden und Charme. Wir schlendern \u00fcber die Plaza de Do\u00f1a Elvira und die Plaza de Santa Cruz, bewundern die traditionellen blumengeschm\u00fcckten Innenh\u00f6fe, die Callej\u00f3n del Agua neben der Mauer des Alc\u00e1zar und die symboltr\u00e4chtige Statue von Don Juan Tenorio auf der Plaza de los Refinadores. All dies in einer Umgebung mit authentischem andalusischem Flair, bis Sie die <strong>der Place du Triomphe<\/strong>.<\/p>\n<p>Zu der vom Reisef\u00fchrer angegebenen Zeit tauchen wir in die Geschichte und Pracht der <strong>die drittgr\u00f6\u00dfte Kathedrale der Welt (gemessen an der Fl\u00e4che)<\/strong>. W\u00e4hrend einer einst\u00fcndigen F\u00fchrung erkunden wir <strong>Kathedrale von Sevilla<\/strong>Ein Juwel der Kunst der Gotik und Renaissance, das zum Weltkulturerbe erkl\u00e4rt wurde. Im Inneren werden Sie beeindruckt sein von <strong>das majest\u00e4tische Retablo Mayor, das Grabmal von Christoph Kolumbus, die Capilla Real<\/strong> und die imposanten Glasfenster. Wir besuchen auch den geschnitzten Holzchor, die Schatzkammer mit religi\u00f6sen Gegenst\u00e4nden und die <strong>die Sacrist\u00eda Mayor, in der Werke gro\u00dfer Meister wie Murillo und Goya ausgestellt sind.<\/strong>Die Sammlung ist eine der bedeutendsten in Spanien.<\/p>\n<p>Nach dieser F\u00fchrung haben Sie die M\u00f6glichkeit, auf eigene Faust die folgenden Orte zu besuchen <strong>die ikonische Giralda<\/strong>Die Kirche ist ein Wahrzeichen Sevillas und verbindet architektonische Einfl\u00fcsse aus dem Islam und der Renaissance. Sie k\u00f6nnen zu ihrem Aussichtspunkt hinaufsteigen und einen spektakul\u00e4ren Panoramablick auf die Stadt genie\u00dfen, ideal, um unvergessliche Erinnerungen festzuhalten.<\/p>\n<p>Ab ca. 14:00 Uhr k\u00f6nnen Sie folgende Leistungen in Anspruch nehmen <strong>Zeit zur freien Verf\u00fcgung, um Sevilla nach Belieben zu besichtigen<\/strong> und seine Gastronomie genie\u00dfen.<\/p>\n<p>Die freie Zeit h\u00e4ngt von der Uhrzeit ab, zu der Sie das Denkmal betreten.<\/p>\n<p>&nbsp;<\/p>\n<hr \/>\n<p>Zur von unserem Reisef\u00fchrer angegebenen Zeit, gegen 16:00 Uhr, treffen wir uns wieder mit der gesamten Gruppe im <strong>Puerta de Jerez <\/strong>und wir gehen zum Bus, der uns zur\u00fcck nach Malaga bringen wird. Bei der Ankunft setzen wir Sie an den Ausgangspunkten ab, an denen der Ausflug begann.<\/p>","protected":false},"excerpt":{"rendered":"<p>Erkunden Sie die andalusische Hauptstadt auf einem Ganztagesausflug nach Sevilla mit Besuch und Eintrittskarten f\u00fcr die Kathedrale und Giralda ab M\u00e1laga und genie\u00dfen Sie den Panoramablick auf Sevilla. Schlendern Sie durch die emblematischsten Stra\u00dfen der Stadt, besuchen Sie die ikonische Plaza de Espa\u00f1a, schlendern Sie durch das charmante Barrio de Santa Cruz und entdecken Sie die beeindruckende Kathedrale und Giralda von Sevilla - buchen Sie jetzt Ihren Platz!<\/p>","protected":false},"featured_media":12780,"comment_status":"open","ping_status":"closed","template":"","meta":{"_acf_changed":false,"_eb_attr":""},"product_brand":[],"product_cat":[247,249],"product_tag":[253],"class_list":{"0":"post-20231","1":"product","2":"type-product","3":"status-publish","4":"has-post-thumbnail","6":"product_cat-excursion-con-entradas","7":"product_cat-excursion-con-visita-guiada","8":"product_tag-sevilla","10":"first","11":"instock","12":"virtual","13":"sold-individually","14":"purchasable","15":"product-type-turitop"},"acf":[],"_links":{"self":[{"href":"https:\/\/www.visitanddo.com\/de\/wp-json\/wp\/v2\/product\/20231","targetHints":{"allow":["GET"]}}],"collection":[{"href":"https:\/\/www.visitanddo.com\/de\/wp-json\/wp\/v2\/product"}],"about":[{"href":"https:\/\/www.visitanddo.com\/de\/wp-json\/wp\/v2\/types\/product"}],"replies":[{"embeddable":true,"href":"https:\/\/www.visitanddo.com\/de\/wp-json\/wp\/v2\/comments?post=20231"}],"version-history":[{"count":14,"href":"https:\/\/www.visitanddo.com\/de\/wp-json\/wp\/v2\/product\/20231\/revisions"}],"predecessor-version":[{"id":23836,"href":"https:\/\/www.visitanddo.com\/de\/wp-json\/wp\/v2\/product\/20231\/revisions\/23836"}],"wp:featuredmedia":[{"embeddable":true,"href":"https:\/\/www.visitanddo.com\/de\/wp-json\/wp\/v2\/media\/12780"}],"wp:attachment":[{"href":"https:\/\/www.visitanddo.com\/de\/wp-json\/wp\/v2\/media?parent=20231"}],"wp:term":[{"taxonomy":"product_brand","embeddable":true,"href":"https:\/\/www.visitanddo.com\/de\/wp-json\/wp\/v2\/product_brand?post=20231"},{"taxonomy":"product_cat","embeddable":true,"href":"https:\/\/www.visitanddo.com\/de\/wp-json\/wp\/v2\/product_cat?post=20231"},{"taxonomy":"product_tag","embeddable":true,"href":"https:\/\/www.visitanddo.com\/de\/wp-json\/wp\/v2\/product_tag?post=20231"}],"curies":[{"name":"wp","href":"https:\/\/api.w.org\/{rel}","templated":true}]}}