{"id":20230,"date":"2024-11-06T10:10:30","date_gmt":"2024-11-06T10:10:30","guid":{"rendered":"https:\/\/www.visitanddo.com\/product\/excursion-a-sevilla-desde-malaga-2\/"},"modified":"2026-03-30T14:15:15","modified_gmt":"2026-03-30T14:15:15","slug":"ausflug-nach-sevilla","status":"publish","type":"product","link":"https:\/\/www.visitanddo.com\/de\/produkt\/ausflug-nach-sevilla\/","title":{"rendered":"Ausflug nach Sevilla von Malaga aus"},"content":{"rendered":"<p>Wir werden Sie an dem von Ihnen gew\u00e4hlten Treffpunkt abholen, um unsere Reise zu beginnen. <strong>Ausflug nach Sevilla von Malaga und der Costa del Sol aus<\/strong>. Sevilla ist ca. 210 km von M\u00e1laga entfernt und die Fahrzeit betr\u00e4gt ca. 3 Stunden.<\/p>\n<p>Unterwegs machen wir einen kurzen Halt, um zu fr\u00fchst\u00fccken und die Toiletten aufzusuchen, bevor wir unsere Reise in die andalusische Hauptstadt fortsetzen. Machen Sie sich bereit f\u00fcr einen Tag voller Geschichte, Kultur und dem Charme Sevillas!<\/p>\n<p>Einfahrt in die Stadt Sevilla, gegen 11:00 Uhr, <strong>Panoramablick vom Bus aus genie\u00dfen<\/strong>vorbei an ikonischen Orten wie <strong>der Paseo de Col\u00f3n, der Fluss Guadalquivir, die Avenida de las Palmeras <\/strong>und im Hintergrund die emblematische <strong>Maria Luisa Park<\/strong>wo Sie die M\u00f6glichkeit haben werden, in Ihrer Freizeit folgende Orte zu besuchen <strong>die ber\u00fchmte Plaza de Espa\u00f1a<\/strong>Besuchen Sie alle autonomen Gemeinschaften, die auf diesem Platz vertreten sind, und machen Sie unvergessliche Fotos!<\/p>\n<p>Wir werden weiterhin an die Grenzen gehen <strong>die Murillo-G\u00e4rten<\/strong> in die Altstadt von Sevilla zu gehen, und zwar genau so weit wie <strong>die Puerta de Jerez<\/strong>Es ist einer der emblematischsten historischen Eing\u00e4nge zu Sevilla, im Herzen der Stadt gelegen, in der N\u00e4he der wichtigsten Monumente und Sehensw\u00fcrdigkeiten der Stadt. <strong>der Torre del Oro<\/strong>.<\/p>\n<p>Ab Puerta de Jerez wird die Gruppe je nach gew\u00e4hltem Verkehrsmittel aufgeteilt, <strong>Wir bieten drei M\u00f6glichkeiten, Sevilla an einem Tag zu entdecken<\/strong>:<\/p>\n<h2><span style=\"color: #feaa61;\"><strong>Option: Exkursion nach Sevilla auf eigene Faust<\/strong><\/span><\/h2>\n<p>Wenn Sie Sevilla lieber in Ihrem eigenen Tempo erkunden m\u00f6chten, kein Problem, wir lassen Sie mit <strong>5 Stunden Freizeit, um Sevilla in Ihrem eigenen Tempo zu besichtigen.<\/strong>.<\/p>\n<p>Sie k\u00f6nnen einige der ber\u00fchmtesten Sehensw\u00fcrdigkeiten besuchen, angefangen bei <strong>der Place du Triomphe<\/strong>wo Sie <strong>Bewundern Sie die majest\u00e4tische Kathedrale und La Giralda von au\u00dfen.<\/strong>und genie\u00dfen Sie die historische Atmosph\u00e4re. Sie k\u00f6nnen einen Spaziergang durch das charmante <strong>Viertel Santa Cruz<\/strong>Ein Labyrinth aus engen Gassen mit malerischen Pl\u00e4tzen wie Do\u00f1a Elvira und Santa Cruz, umgeben von Orangenb\u00e4umen und voller andalusischem Charme.<\/p>\n<p data-start=\"490\" data-end=\"840\">Sie wird weiterhin <strong>die Murillo-G\u00e4rten<\/strong>Eine Gr\u00fcnfl\u00e4che, die zum Entspannen einl\u00e4dt, bevor Sie Ihren Weg fortsetzen. Von dort aus gelangen Sie zum <strong>Parque de Mar\u00eda Luisa zur Besichtigung der beeindruckenden Plaza de Espa\u00f1a<\/strong>Die Wasserstra\u00dfen der Stadt und die bunten Kacheln, die die Provinzen Spaniens darstellen, sind ein perfekter Ort zum Flanieren und f\u00fcr unvergessliche Fotos. Ein perfekter Ort, um zu flanieren und unvergessliche Fotos zu schie\u00dfen.<\/p>\n<p data-start=\"842\" data-end=\"1204\">Anschlie\u00dfend k\u00f6nnen Sie die lebhafte <strong>Viertel Triana<\/strong>bekannt f\u00fcr seine authentische Atmosph\u00e4re und die traditionellen T\u00f6pferl\u00e4den auf der anderen Seite der San Telmo-Br\u00fccke neben dem Torre del Oro, <strong>Spaziergang entlang der Calle Betis <\/strong>entlang der <strong>Flusspromenade des Guadalquivir,<\/strong> von wo aus Sie einen spektakul\u00e4ren Blick auf den Fluss und die Altstadt von Sevilla haben.<\/p>\n<p data-start=\"1206\" data-end=\"1457\" data-is-last-node=\"\">Sie f\u00fchrt \u00fcber die Triana-Br\u00fccke und endet in <strong>die Plaza de la Encarnacion, um den Metropol Parasol zu bewundern<\/strong>Las Setas, ein modernes Bauwerk, das im Kontrast zur historischen Architektur der Stadt steht, oder ein paar Tapas im <strong>die Plaza del Salvador<\/strong>. Auf dieser Route k\u00f6nnen Sie die Essenz Sevillas in kurzer Zeit in sich aufnehmen.<\/p>\n<h2><span style=\"color: #feaa61;\"><strong>Option: Besuch der Kathedrale und der Giralda von Sevilla<\/strong><\/span><\/h2>\n<p>Zu Beginn haben Sie etwas Zeit, um durch die engen und charmanten Gassen der Stadt zu schlendern. <strong>Viertel Santa Cruz<\/strong>Wir besuchen die Plaza de Do\u00f1a Elvira und die Plaza de Santa Cruz, die f\u00fcr ihre Geheimnisse und Legenden bekannt sind. Bewundern Sie die blumengeschm\u00fcckten Innenh\u00f6fe, die Callej\u00f3n del Agua neben der Mauer des Alc\u00e1zar und die Statue von Don Juan Tenorio auf der Plaza de los Refinadores. Mit seiner echten andalusischen Atmosph\u00e4re bis hin zu den <strong>der Place du Triomphe<\/strong>.<\/p>\n<p>Dann treffen Sie sich zu der vom Reisef\u00fchrer angegebenen Zeit, um in die Geschichte und die Majest\u00e4t der Stadt einzutauchen. <strong>die drittgr\u00f6\u00dfte Kathedrale der Welt (gemessen an der Fl\u00e4che)<\/strong>. Bei dieser einst\u00fcndigen F\u00fchrung entdecken Sie die imposante Kunst der Gotik und Renaissance, die die Stadt pr\u00e4gt. <strong>Kathedrale von Sevilla<\/strong>Sie werden auch etwas \u00fcber die Geschichte dieses pr\u00e4chtigen Tempels erfahren, <strong>zum Weltkulturerbe erkl\u00e4rt<\/strong>. Bestaunen Sie bei der Besichtigung des Innenraums die majest\u00e4tischen<strong> Hochaltarbild, das Grab von Christoph Kolumbus, die K\u00f6nigliche Kapelle<\/strong> und seine beeindruckenden Glasfenster. Besichtigen Sie den geschnitzten Holzchor, die Schatzkammer mit religi\u00f6sem Schmuck und das <strong>die Sacrist\u00eda Mayor mit Kunstwerken von Murillo und Goya, <\/strong>neben anderen Meistern der Barockkunst, wo eine der umfangreichsten Sammlungen Spaniens untergebracht ist.<\/p>\n<p>Nach der Besichtigung der Kathedrale mit einem fachkundigen F\u00fchrer, werden Sie auf eigene Faust besichtigen <strong>die ikonische Giralda<\/strong>Die Kathedrale von Sevilla, eines der repr\u00e4sentativsten Symbole Sevillas, das architektonische Elemente aus der islamischen Periode und der spanischen Renaissance vereint. Steigen Sie hinauf zu ihrem Aussichtspunkt, von dem aus Sie einen Blick auf <strong>einen einzigartigen Panoramablick auf die Stadt<\/strong>perfekt f\u00fcr die Aufnahme unvergesslicher Bilder und <strong>Sevilla von oben bewundern<\/strong>.<\/p>\n<p>Ab ca. 14:00 Uhr k\u00f6nnen Sie folgende Leistungen in Anspruch nehmen <strong>Zeit zur freien Verf\u00fcgung, um Sevilla nach Belieben zu besichtigen<\/strong> und seine Gastronomie genie\u00dfen.<\/p>\n<p>Die freie Zeit h\u00e4ngt von der Uhrzeit ab, zu der Sie das Denkmal betreten.<\/p>\n<h2><span style=\"color: #feaa61;\"><strong>Option: Besuch des Real Alc\u00e1zar von Sevilla<\/strong><\/span><\/h2>\n<p>Zu Beginn haben Sie etwas Zeit zur freien Verf\u00fcgung, um durch die bezaubernden engen Gassen der Stadt zu schlendern. <strong>Viertel Santa Cruz<\/strong>ber\u00fchmt f\u00fcr seine Legenden und Geheimnisse. Wir entdecken die Plaza de Do\u00f1a Elvira und die Plaza de Santa Cruz, umgeben von Orangenb\u00e4umen und voller andalusischem Charme. Wir bewundern die blumengeschm\u00fcckten Innenh\u00f6fe, die Callej\u00f3n del Agua neben der Mauer des Alcazar und die Statue von Don Juan Tenorio auf der Plaza de los Refinadores. Dieses malerische Viertel bietet eine authentische und fesselnde Atmosph\u00e4re. Sie k\u00f6nnen in <strong>der Place du Triomphe<\/strong>Von hier aus zeigt Ihnen der Reiseleiter den Weg zum B\u00fcro, wo Sie die Gruppe f\u00fcr den Besuch des majest\u00e4tischen <strong>K\u00f6niglicher Alcazar von Sevilla, <\/strong>die gegen 13.30 Uhr beginnt, und Sie haben 45 Minuten Zeit, um einen kleinen Imbiss zu sich zu nehmen.<\/p>\n<p>Sobald Sie in der Gruppe sind, machen Sie einen kurzen Spaziergang zum Eingang des Real Alcazar und schlendern durch die Stra\u00dfen, die von traditionellen Fassaden und typischen Gesch\u00e4ften umgeben sind. Genie\u00dfen Sie die Seitenansicht der Iglesia del Sagrario, die authentische sevillanische Atmosph\u00e4re und den atemberaubenden Blick auf La Giralda, wenn Sie die Plaza del Triunfo erreichen, von wo aus Sie zusammen mit einem lokalen F\u00fchrer das <strong>K\u00f6niglicher Alcazar von Sevilla<\/strong>Der Palast, einer der \u00e4ltesten noch genutzten Pal\u00e4ste Europas, geh\u00f6rt zum UNESCO-Weltkulturerbe. Dieses majest\u00e4tische Ensemble von Geb\u00e4uden und G\u00e4rten, das als <strong>Residenz des spanischen K\u00f6nigshauses<\/strong> Jahrhundertelang war sie auch als Ort der Begegnung mit<strong> Dreharbeiten f\u00fcr die Serie <em>Spiel der Throne<\/em><\/strong>. In Begleitung unseres F\u00fchrers erkunden Sie die verschiedenen S\u00e4le und H\u00f6fe, die alle ihren eigenen architektonischen Stil haben, von islamischer Kunst bis hin zu Renaissance und Barock.<\/p>\n<p>Lassen Sie sich \u00fcberraschen von der <strong>Hof der Jungfrauen<\/strong> und die <strong>Ambassadors' Lounge<\/strong>Die aufw\u00e4ndige Dekoration des Hotels und die pr\u00e4chtigen Fliesen- und Arabeskenverzierungen. Sie werden auch einen Spaziergang durch die exquisiten G\u00e4rten genie\u00dfen, wo Brunnen und Wege Sie in eine Oase der Ruhe im Herzen Sevillas entf\u00fchren. Diese Tour ist ideal f\u00fcr diejenigen, die ein umfassendes Erlebnis w\u00fcnschen und jeden Winkel dieses faszinierenden K\u00f6nigspalastes entdecken m\u00f6chten.<\/p>\n<p>Ab ca. 15:00 Uhr k\u00f6nnen Sie die folgenden Angebote nutzen <strong>Zeit zur freien Verf\u00fcgung, um Sevilla nach Belieben zu besichtigen<\/strong> und seine Gastronomie genie\u00dfen.<\/p>\n<p>Die freie Zeit h\u00e4ngt von der Uhrzeit ab, zu der Sie das Denkmal betreten.<\/p>\n<p>&nbsp;<\/p>\n<hr \/>\n<p>Zur von unserem Reisef\u00fchrer angegebenen Zeit, gegen 16:00 Uhr, treffen wir uns wieder mit der gesamten Gruppe im <strong>Puerta de Jerez <\/strong>und wir gehen zum Bus, der uns zur\u00fcck nach Malaga bringen wird. Bei der Ankunft setzen wir Sie an den Ausgangspunkten ab, an denen der Ausflug begann.<\/p>","protected":false},"excerpt":{"rendered":"<p>Entdecken Sie das Wesentliche bei einem Ausflug nach Sevilla von M\u00e1laga und der Costa del Sol aus. Reisen Sie bequem mit einem gef\u00fchrten Bus und erkunden Sie ber\u00fchmte Sehensw\u00fcrdigkeiten wie die Plaza de Espa\u00f1a, das Barrio de Santa Cruz, die Kathedrale von Sevilla und den Real Alc\u00e1zar. Genie\u00dfen Sie freie Zeit, um die Stadt in Ihrem eigenen Tempo zu erkunden, und vervollst\u00e4ndigen Sie Ihr Erlebnis mit optionalen F\u00fchrungen durch die Kathedrale und die Giralda oder den Real Alcazar, zwei der historischen Sch\u00e4tze der Stadt. Genie\u00dfen Sie eine gef\u00fchrte Tour mit lokalen Experten - buchen Sie jetzt!<\/p>","protected":false},"featured_media":20249,"comment_status":"open","ping_status":"closed","template":"","meta":{"_acf_changed":false,"_eb_attr":""},"product_brand":[],"product_cat":[247,249,248],"product_tag":[253],"class_list":{"0":"post-20230","1":"product","2":"type-product","3":"status-publish","4":"has-post-thumbnail","6":"product_cat-excursion-con-entradas","7":"product_cat-excursion-con-visita-guiada","8":"product_cat-excursion-sin-entradas","9":"product_tag-sevilla","11":"first","12":"instock","13":"featured","14":"virtual","15":"sold-individually","16":"purchasable","17":"product-type-turitop"},"acf":[],"_links":{"self":[{"href":"https:\/\/www.visitanddo.com\/de\/wp-json\/wp\/v2\/product\/20230","targetHints":{"allow":["GET"]}}],"collection":[{"href":"https:\/\/www.visitanddo.com\/de\/wp-json\/wp\/v2\/product"}],"about":[{"href":"https:\/\/www.visitanddo.com\/de\/wp-json\/wp\/v2\/types\/product"}],"replies":[{"embeddable":true,"href":"https:\/\/www.visitanddo.com\/de\/wp-json\/wp\/v2\/comments?post=20230"}],"version-history":[{"count":47,"href":"https:\/\/www.visitanddo.com\/de\/wp-json\/wp\/v2\/product\/20230\/revisions"}],"predecessor-version":[{"id":51713,"href":"https:\/\/www.visitanddo.com\/de\/wp-json\/wp\/v2\/product\/20230\/revisions\/51713"}],"wp:featuredmedia":[{"embeddable":true,"href":"https:\/\/www.visitanddo.com\/de\/wp-json\/wp\/v2\/media\/20249"}],"wp:attachment":[{"href":"https:\/\/www.visitanddo.com\/de\/wp-json\/wp\/v2\/media?parent=20230"}],"wp:term":[{"taxonomy":"product_brand","embeddable":true,"href":"https:\/\/www.visitanddo.com\/de\/wp-json\/wp\/v2\/product_brand?post=20230"},{"taxonomy":"product_cat","embeddable":true,"href":"https:\/\/www.visitanddo.com\/de\/wp-json\/wp\/v2\/product_cat?post=20230"},{"taxonomy":"product_tag","embeddable":true,"href":"https:\/\/www.visitanddo.com\/de\/wp-json\/wp\/v2\/product_tag?post=20230"}],"curies":[{"name":"wp","href":"https:\/\/api.w.org\/{rel}","templated":true}]}}