{"id":8247,"date":"2022-12-29T15:16:36","date_gmt":"2022-12-29T15:16:36","guid":{"rendered":"https:\/\/www.visitanddo.com\/?page_id=8247"},"modified":"2024-07-11T09:41:45","modified_gmt":"2024-07-11T09:41:45","slug":"privatausfluge","status":"publish","type":"page","link":"https:\/\/www.visitanddo.com\/de\/privatausfluge\/","title":{"rendered":"Private Ausfl\u00fcge"},"content":{"rendered":"<div data-elementor-type=\"wp-page\" data-elementor-id=\"8247\" class=\"elementor elementor-8247\" data-elementor-post-type=\"page\">\n\t\t\t\t\t\t<section data-particle_enable=\"false\" data-particle-mobile-disabled=\"false\" class=\"elementor-section elementor-top-section elementor-element elementor-element-e6edeea elementor-section-boxed elementor-section-height-default elementor-section-height-default\" data-id=\"e6edeea\" data-element_type=\"section\" data-e-type=\"section\" data-settings=\"{&quot;background_background&quot;:&quot;classic&quot;}\">\n\t\t\t\t\t\t\t<div class=\"elementor-background-overlay\"><\/div>\n\t\t\t\t\t\t\t<div class=\"elementor-container elementor-column-gap-default\">\n\t\t\t\t\t<div class=\"elementor-column elementor-col-100 elementor-top-column elementor-element elementor-element-42b16c07\" data-id=\"42b16c07\" data-element_type=\"column\" data-e-type=\"column\">\n\t\t\t<div class=\"elementor-widget-wrap elementor-element-populated\">\n\t\t\t\t\t\t<div class=\"elementor-element elementor-element-7eb61dc2 elementor-widget elementor-widget-heading\" data-id=\"7eb61dc2\" data-element_type=\"widget\" data-e-type=\"widget\" data-widget_type=\"heading.default\">\n\t\t\t\t<div class=\"elementor-widget-container\">\n\t\t\t\t\t<h1 class=\"elementor-heading-title elementor-size-default\">Organisiert private Ausfl\u00fcge<\/h1>\t\t\t\t<\/div>\n\t\t\t\t<\/div>\n\t\t\t\t<div class=\"elementor-element elementor-element-6a26d715 elementor-widget elementor-widget-text-editor\" data-id=\"6a26d715\" data-element_type=\"widget\" data-e-type=\"widget\" data-widget_type=\"text-editor.default\">\n\t\t\t\t<div class=\"elementor-widget-container\">\n\t\t\t\t\t\t\t\t\t<p>Wenn Sie einen privaten Besuch oder Ausflug machen m\u00f6chten<\/p>\t\t\t\t\t\t\t\t<\/div>\n\t\t\t\t<\/div>\n\t\t\t\t<div class=\"elementor-element elementor-element-5d4cad00 elementor-align-center elementor-widget elementor-widget-button\" data-id=\"5d4cad00\" data-element_type=\"widget\" data-e-type=\"widget\" data-widget_type=\"button.default\">\n\t\t\t\t<div class=\"elementor-widget-container\">\n\t\t\t\t\t\t\t\t\t<div class=\"elementor-button-wrapper\">\n\t\t\t\t\t<a class=\"elementor-button elementor-button-link elementor-size-sm\" href=\"#contacto\">\n\t\t\t\t\t\t<span class=\"elementor-button-content-wrapper\">\n\t\t\t\t\t\t\t\t\t<span class=\"elementor-button-text\">F\u00fcllen Sie das Formular aus<\/span>\n\t\t\t\t\t<\/span>\n\t\t\t\t\t<\/a>\n\t\t\t\t<\/div>\n\t\t\t\t\t\t\t\t<\/div>\n\t\t\t\t<\/div>\n\t\t\t\t\t<\/div>\n\t\t<\/div>\n\t\t\t\t\t<\/div>\n\t\t<\/section>\n\t\t\t\t<section data-particle_enable=\"false\" data-particle-mobile-disabled=\"false\" class=\"elementor-section elementor-top-section elementor-element elementor-element-c762666 elementor-section-boxed elementor-section-height-default elementor-section-height-default\" data-id=\"c762666\" data-element_type=\"section\" data-e-type=\"section\">\n\t\t\t\t\t\t<div class=\"elementor-container elementor-column-gap-default\">\n\t\t\t\t\t<div class=\"elementor-column elementor-col-100 elementor-top-column elementor-element elementor-element-2d6edf8\" data-id=\"2d6edf8\" data-element_type=\"column\" data-e-type=\"column\">\n\t\t\t<div class=\"elementor-widget-wrap elementor-element-populated\">\n\t\t\t\t\t\t<div class=\"elementor-element elementor-element-f7c0504 elementor-widget elementor-widget-text-editor\" data-id=\"f7c0504\" data-element_type=\"widget\" data-e-type=\"widget\" data-widget_type=\"text-editor.default\">\n\t\t\t\t<div class=\"elementor-widget-container\">\n\t\t\t\t\t\t\t\t\t<p>Bei Visitanddo.com bieten wir <strong>alle Arten von privaten Dienstleistungen<\/strong>von Transfers bis zu Ausfl\u00fcgen f\u00fcr private Gruppen, wie zum Beispiel <strong>Familien, Kollegen, Unternehmen, Vereine oder Freundeskreise<\/strong>.<\/p><p>Sie k\u00f6nnen sowohl unsere <strong>regelm\u00e4\u00dfige Ausfl\u00fcge zu beliebten Zielen<\/strong> wie Ronda, Gibraltar, Granada oder Sevilla oder zu anderen nahe gelegenen Zielen wie der Stadt Malaga, dem Caminito del Rey oder Nerja und Frigiliana.<\/p><p>Wir veranstalten auch<strong> ma\u00dfgeschneiderte Dienstleistungen<\/strong> des Kunden als <strong>mehrt\u00e4gige Ausfl\u00fcge<\/strong> sowohl in Andalusien als auch in Spanien. Wir haben auch Erfahrung in der Organisation von Reisen in Nachbarl\u00e4nder wie Marokko.<\/p><p>Um Ihnen einen auf Ihre Bed\u00fcrfnisse zugeschnittenen Service bieten zu k\u00f6nnen, bitten wir Sie <strong>das Formular ausf\u00fcllen<\/strong> und wir werden uns so bald wie m\u00f6glich mit weiteren Einzelheiten bei Ihnen melden.<\/p>\t\t\t\t\t\t\t\t<\/div>\n\t\t\t\t<\/div>\n\t\t\t\t\t<\/div>\n\t\t<\/div>\n\t\t\t\t\t<\/div>\n\t\t<\/section>\n\t\t\t\t<section data-particle_enable=\"false\" data-particle-mobile-disabled=\"false\" class=\"elementor-section elementor-top-section elementor-element elementor-element-19a78e3 elementor-section-boxed elementor-section-height-default elementor-section-height-default\" data-id=\"19a78e3\" data-element_type=\"section\" data-e-type=\"section\">\n\t\t\t\t\t\t<div class=\"elementor-container elementor-column-gap-default\">\n\t\t\t\t\t<div class=\"elementor-column elementor-col-100 elementor-top-column elementor-element elementor-element-aaf0e90\" data-id=\"aaf0e90\" data-element_type=\"column\" data-e-type=\"column\">\n\t\t\t<div class=\"elementor-widget-wrap elementor-element-populated\">\n\t\t\t\t\t\t<div class=\"elementor-element elementor-element-97afebf elementor-widget elementor-widget-html\" data-id=\"97afebf\" data-element_type=\"widget\" data-e-type=\"widget\" data-widget_type=\"html.default\">\n\t\t\t\t<div class=\"elementor-widget-container\">\n\t\t\t\t\t<style>.elementor-element-97afebf{display:none !important}<\/style>\t\t\t\t<\/div>\n\t\t\t\t<\/div>\n\t\t\t\t<div class=\"elementor-element elementor-element-6e9e9e5 elementor-widget elementor-widget-html\" data-id=\"6e9e9e5\" data-element_type=\"widget\" data-e-type=\"widget\" data-widget_type=\"html.default\">\n\t\t\t\t<div class=\"elementor-widget-container\">\n\t\t\t\t\t<script type=\"text\/javascript\" src=\"https:\/\/api.clientify.net\/web-marketing\/superforms\/script\/196293.js\"><\/script>\t\t\t\t<\/div>\n\t\t\t\t<\/div>\n\t\t\t\t\t<\/div>\n\t\t<\/div>\n\t\t\t\t\t<\/div>\n\t\t<\/section>\n\t\t\t\t<\/div>","protected":false},"excerpt":{"rendered":"<p>Organiza excursiones privadas Si deseas realizar una visita o excursi\u00f3n de forma privada Rellena el formulario En Visitanddo.com ofrecemos todo tipo de servicios privados, desde traslados como excursiones para grupos privados como familias, compa\u00f1eros, empresas, asociaciones o grupos de amigos. Podr\u00e1s disfrutar tanto de nuestras excursiones regulares a destinos populares como son Ronda, Gibraltar, Granada [&hellip;]<\/p>\n","protected":false},"author":14,"featured_media":0,"parent":0,"menu_order":0,"comment_status":"closed","ping_status":"closed","template":"","meta":{"_acf_changed":false,"_eb_attr":"","footnotes":""},"class_list":["post-8247","page","type-page","status-publish","hentry"],"acf":[],"_links":{"self":[{"href":"https:\/\/www.visitanddo.com\/de\/wp-json\/wp\/v2\/pages\/8247","targetHints":{"allow":["GET"]}}],"collection":[{"href":"https:\/\/www.visitanddo.com\/de\/wp-json\/wp\/v2\/pages"}],"about":[{"href":"https:\/\/www.visitanddo.com\/de\/wp-json\/wp\/v2\/types\/page"}],"author":[{"embeddable":true,"href":"https:\/\/www.visitanddo.com\/de\/wp-json\/wp\/v2\/users\/14"}],"replies":[{"embeddable":true,"href":"https:\/\/www.visitanddo.com\/de\/wp-json\/wp\/v2\/comments?post=8247"}],"version-history":[{"count":19,"href":"https:\/\/www.visitanddo.com\/de\/wp-json\/wp\/v2\/pages\/8247\/revisions"}],"predecessor-version":[{"id":18648,"href":"https:\/\/www.visitanddo.com\/de\/wp-json\/wp\/v2\/pages\/8247\/revisions\/18648"}],"wp:attachment":[{"href":"https:\/\/www.visitanddo.com\/de\/wp-json\/wp\/v2\/media?parent=8247"}],"curies":[{"name":"wp","href":"https:\/\/api.w.org\/{rel}","templated":true}]}}